{"id":1049,"date":"2025-09-21T10:09:10","date_gmt":"2025-09-21T10:09:10","guid":{"rendered":"http:\/\/139.59.77.15\/~indomedi\/?page_id=1049"},"modified":"2025-09-24T11:38:49","modified_gmt":"2025-09-24T11:38:49","slug":"analgesicos-e-antitermicos","status":"publish","type":"page","link":"https:\/\/indomedix.com.br\/?page_id=1049","title":{"rendered":"Analg\u00e9sicos e Antit\u00e9rmicos"},"content":{"rendered":"\t\t<div data-elementor-type=\"wp-page\" data-elementor-id=\"1049\" class=\"elementor elementor-1049\" data-elementor-settings=\"{&quot;element_pack_global_tooltip_width&quot;:{&quot;unit&quot;:&quot;px&quot;,&quot;size&quot;:&quot;&quot;,&quot;sizes&quot;:[]},&quot;element_pack_global_tooltip_width_tablet&quot;:{&quot;unit&quot;:&quot;px&quot;,&quot;size&quot;:&quot;&quot;,&quot;sizes&quot;:[]},&quot;element_pack_global_tooltip_width_mobile&quot;:{&quot;unit&quot;:&quot;px&quot;,&quot;size&quot;:&quot;&quot;,&quot;sizes&quot;:[]},&quot;element_pack_global_tooltip_padding&quot;:{&quot;unit&quot;:&quot;px&quot;,&quot;top&quot;:&quot;&quot;,&quot;right&quot;:&quot;&quot;,&quot;bottom&quot;:&quot;&quot;,&quot;left&quot;:&quot;&quot;,&quot;isLinked&quot;:true},&quot;element_pack_global_tooltip_padding_tablet&quot;:{&quot;unit&quot;:&quot;px&quot;,&quot;top&quot;:&quot;&quot;,&quot;right&quot;:&quot;&quot;,&quot;bottom&quot;:&quot;&quot;,&quot;left&quot;:&quot;&quot;,&quot;isLinked&quot;:true},&quot;element_pack_global_tooltip_padding_mobile&quot;:{&quot;unit&quot;:&quot;px&quot;,&quot;top&quot;:&quot;&quot;,&quot;right&quot;:&quot;&quot;,&quot;bottom&quot;:&quot;&quot;,&quot;left&quot;:&quot;&quot;,&quot;isLinked&quot;:true},&quot;element_pack_global_tooltip_border_radius&quot;:{&quot;unit&quot;:&quot;px&quot;,&quot;top&quot;:&quot;&quot;,&quot;right&quot;:&quot;&quot;,&quot;bottom&quot;:&quot;&quot;,&quot;left&quot;:&quot;&quot;,&quot;isLinked&quot;:true},&quot;element_pack_global_tooltip_border_radius_tablet&quot;:{&quot;unit&quot;:&quot;px&quot;,&quot;top&quot;:&quot;&quot;,&quot;right&quot;:&quot;&quot;,&quot;bottom&quot;:&quot;&quot;,&quot;left&quot;:&quot;&quot;,&quot;isLinked&quot;:true},&quot;element_pack_global_tooltip_border_radius_mobile&quot;:{&quot;unit&quot;:&quot;px&quot;,&quot;top&quot;:&quot;&quot;,&quot;right&quot;:&quot;&quot;,&quot;bottom&quot;:&quot;&quot;,&quot;left&quot;:&quot;&quot;,&quot;isLinked&quot;:true}}\" data-elementor-post-type=\"page\">\n\t\t\t\t\t\t<section class=\"elementor-section elementor-top-section elementor-element elementor-element-5c60a14 elementor-section-boxed elementor-section-height-default elementor-section-height-default\" data-id=\"5c60a14\" data-element_type=\"section\" data-settings=\"{&quot;background_background&quot;:&quot;classic&quot;,&quot;ekit_has_onepagescroll_dot&quot;:&quot;yes&quot;}\">\n\t\t\t\t\t\t\t<div class=\"elementor-background-overlay\"><\/div>\n\t\t\t\t\t\t\t<div class=\"elementor-container elementor-column-gap-default\">\n\t\t\t\t\t<div class=\"elementor-column elementor-col-100 elementor-top-column elementor-element elementor-element-29fdecd\" data-id=\"29fdecd\" data-element_type=\"column\">\n\t\t\t<div class=\"elementor-widget-wrap elementor-element-populated\">\n\t\t\t\t\t\t<div class=\"elementor-element elementor-element-acb79fb elementor-widget elementor-widget-heading\" data-id=\"acb79fb\" data-element_type=\"widget\" data-settings=\"{&quot;ekit_we_effect_on&quot;:&quot;none&quot;}\" data-widget_type=\"heading.default\">\n\t\t\t\t\t<h2 class=\"elementor-heading-title elementor-size-default\">Analg\u00e9sicos e Antit\u00e9rmicos<\/h2>\t\t\t\t<\/div>\n\t\t\t\t\t<\/div>\n\t\t<\/div>\n\t\t\t\t\t<\/div>\n\t\t<\/section>\n\t\t<div class=\"elementor-element elementor-element-6eff9ad e-flex e-con-boxed e-con e-parent\" data-id=\"6eff9ad\" data-element_type=\"container\" data-settings=\"{&quot;background_background&quot;:&quot;classic&quot;,&quot;ekit_has_onepagescroll_dot&quot;:&quot;yes&quot;}\">\n\t\t\t\t\t<div class=\"e-con-inner\">\n\t\t<div class=\"elementor-element elementor-element-11fcb3a e-con-full e-flex e-con e-child\" data-id=\"11fcb3a\" data-element_type=\"container\" data-settings=\"{&quot;ekit_has_onepagescroll_dot&quot;:&quot;yes&quot;}\">\n\t\t\t\t<div class=\"elementor-element elementor-element-549ff25 elementor-widget elementor-widget-image\" data-id=\"549ff25\" data-element_type=\"widget\" data-settings=\"{&quot;ekit_we_effect_on&quot;:&quot;none&quot;}\" data-widget_type=\"image.default\">\n\t\t\t\t\t\t\t\t\t\t\t\t\t\t\t<img fetchpriority=\"high\" decoding=\"async\" width=\"580\" height=\"359\" src=\"https:\/\/indomedix.com.br\/wp-content\/uploads\/2025\/09\/xho4dHMhp3SOSDIXzgtaTPQjnKG96tY_zEwdcrB7elE-1024x633.avif\" class=\"attachment-large size-large wp-image-1068\" alt=\"\" srcset=\"https:\/\/indomedix.com.br\/wp-content\/uploads\/2025\/09\/xho4dHMhp3SOSDIXzgtaTPQjnKG96tY_zEwdcrB7elE-1024x633.avif 1024w, https:\/\/indomedix.com.br\/wp-content\/uploads\/2025\/09\/xho4dHMhp3SOSDIXzgtaTPQjnKG96tY_zEwdcrB7elE-300x185.avif 300w, https:\/\/indomedix.com.br\/wp-content\/uploads\/2025\/09\/xho4dHMhp3SOSDIXzgtaTPQjnKG96tY_zEwdcrB7elE-768x474.avif 768w, https:\/\/indomedix.com.br\/wp-content\/uploads\/2025\/09\/xho4dHMhp3SOSDIXzgtaTPQjnKG96tY_zEwdcrB7elE-1536x949.avif 1536w, https:\/\/indomedix.com.br\/wp-content\/uploads\/2025\/09\/xho4dHMhp3SOSDIXzgtaTPQjnKG96tY_zEwdcrB7elE-2048x1265.avif 2048w, https:\/\/indomedix.com.br\/wp-content\/uploads\/2025\/09\/xho4dHMhp3SOSDIXzgtaTPQjnKG96tY_zEwdcrB7elE-1200x741.avif 1200w, https:\/\/indomedix.com.br\/wp-content\/uploads\/2025\/09\/xho4dHMhp3SOSDIXzgtaTPQjnKG96tY_zEwdcrB7elE-1980x1223.avif 1980w\" sizes=\"(max-width: 580px) 100vw, 580px\" \/>\t\t\t\t\t\t\t\t\t\t\t\t\t\t\t<\/div>\n\t\t\t\t<\/div>\n\t\t\t\t\t<\/div>\n\t\t\t\t<\/div>\n\t\t<div class=\"elementor-element elementor-element-7c42db0 e-flex e-con-boxed e-con e-parent\" data-id=\"7c42db0\" data-element_type=\"container\" data-settings=\"{&quot;background_background&quot;:&quot;classic&quot;,&quot;ekit_has_onepagescroll_dot&quot;:&quot;yes&quot;}\">\n\t\t\t\t\t<div class=\"e-con-inner\">\n\t\t\t\t<div class=\"elementor-element elementor-element-65f4299 elementor-widget elementor-widget-heading\" data-id=\"65f4299\" data-element_type=\"widget\" data-settings=\"{&quot;ekit_we_effect_on&quot;:&quot;none&quot;}\" data-widget_type=\"heading.default\">\n\t\t\t\t\t<h2 class=\"elementor-heading-title elementor-size-default\">Objetivo: Al\u00edvio de dores leves a moderadas e redu\u00e7\u00e3o da febre.<\/h2>\t\t\t\t<\/div>\n\t\t\t\t<div class=\"elementor-element elementor-element-400098b elementor-widget elementor-widget-elementskit-table\" data-id=\"400098b\" data-element_type=\"widget\" data-settings=\"{&quot;ekit_we_effect_on&quot;:&quot;none&quot;}\" data-widget_type=\"elementskit-table.default\">\n\t\t\t\t<div class=\"elementor-widget-container\">\n\t\t\t\t\t<div class=\"ekit-wid-con\" >\n        <div class=\"ekit_table display  ekit_table_data_type-custom\" data-settings=\"{&quot;fixedHeader&quot;:false,&quot;search&quot;:false,&quot;search_placeholder&quot;:&quot;&quot;,&quot;responsive&quot;:true,&quot;pagination&quot;:false,&quot;button&quot;:false,&quot;entries&quot;:false,&quot;info&quot;:false,&quot;ordering&quot;:false,&quot;searchIcon&quot;:&quot;&quot;,&quot;item_per_page&quot;:10,&quot;nav_style&quot;:&quot;&quot;,&quot;prev_text&quot;:&quot;&quot;,&quot;next_text&quot;:&quot;&quot;,&quot;prev_arrow&quot;:&quot;&quot;,&quot;next_arrow&quot;:&quot;&quot;}\">\n                <table id=\"ekit-table-container-400098b\" class=\"display dataTable\" style=\"width:100%\"><thead><tr>                            <th class=\"elementor-repeater-item-2b5765d\"><div class=\"ekit_table_item_container  ekit-table-container- \">\n                                Medicamento                            <\/div><\/th>\n                                                   <th class=\"elementor-repeater-item-7b3efba\"><div class=\"ekit_table_item_container  ekit-table-container- \">\n                                Forma  Farmac\u00eautica                            <\/div><\/th>\n                                                   <th class=\"elementor-repeater-item-d7e35ad\"><div class=\"ekit_table_item_container  ekit-table-container- \">\n                                Dosagem \/  Concentra\u00e7\u00e3o                            <\/div><\/th>\n                                                   <th class=\"elementor-repeater-item-c20c938\"><div class=\"ekit_table_item_container  ekit-table-container- \">\n                                Indica\u00e7\u00e3o                            <\/div><\/th>\n                        <\/tr><\/thead><tbody><tr>                            <td data-order=\"Paracetamol\" class=\"elementor-repeater-item-744047d ekit_table_data_\">\n                                \n                                    <div class=\"ekit_table_body_container ekit_table_data_ ekit_body_align_center\">\n                                        <p><span style=\"font-weight: 400\">Paracetamol<\/span><\/p>                                    <\/div>\n\n                                                            <\/td>\n                                                    <td data-order=\"Comprimido, Xarope, Suspens\u00e3o\" class=\"elementor-repeater-item-0afc5e1 ekit_table_data_\">\n                                \n                                    <div class=\"ekit_table_body_container ekit_table_data_ ekit_body_align_center\">\n                                        <p><span style=\"font-weight: 400\">Comprimido, Xarope, <\/span><span style=\"font-weight: 400\">Suspens\u00e3o<\/span><\/p>                                    <\/div>\n\n                                                            <\/td>\n                                                    <td data-order=\"500 mg, G50 mg, 125 mg\/5ml\" class=\"elementor-repeater-item-bd99998 ekit_table_data_\">\n                                \n                                    <div class=\"ekit_table_body_container ekit_table_data_ ekit_body_align_center\">\n                                        <p><span style=\"font-weight: 400\">500 mg, G50 <\/span><span style=\"font-weight: 400\">mg, 125 mg\/5ml<\/span><\/p>                                    <\/div>\n\n                                                            <\/td>\n                                                    <td data-order=\"Dor leve a moderada, febre\" class=\"elementor-repeater-item-9f27251 ekit_table_data_\">\n                                \n                                    <div class=\"ekit_table_body_container ekit_table_data_ ekit_body_align_center\">\n                                        <p><span style=\"font-weight: 400\">Dor leve a moderada, febre<\/span><\/p>                                    <\/div>\n\n                                                            <\/td>\n                        <tr>                            <td data-order=\"Ibuprofeno\" class=\"elementor-repeater-item-f815549 ekit_table_data_\">\n                                \n                                    <div class=\"ekit_table_body_container ekit_table_data_ ekit_body_align_center\">\n                                        <p><span style=\"font-weight: 400\">Ibuprofeno<\/span><\/p>                                    <\/div>\n\n                                                            <\/td>\n                                                    <td data-order=\"Comprimido, C\u00e1psula, Suspens\u00e3o\" class=\"elementor-repeater-item-23db0ac ekit_table_data_\">\n                                \n                                    <div class=\"ekit_table_body_container ekit_table_data_ ekit_body_align_center\">\n                                        <p><span style=\"font-weight: 400\">Comprimido, <\/span><span style=\"font-weight: 400\">C\u00e1psula, Suspens\u00e3o<\/span><\/p>                                    <\/div>\n\n                                                            <\/td>\n                                                    <td data-order=\"200 mg, 400 mg, 100 mg\/5ml\" class=\"elementor-repeater-item-c72c903 ekit_table_data_\">\n                                \n                                    <div class=\"ekit_table_body_container ekit_table_data_ ekit_body_align_center\">\n                                        <p><span style=\"font-weight: 400\">200 mg, 400 <\/span><span style=\"font-weight: 400\">mg, 100 mg\/5ml<\/span><\/p>                                    <\/div>\n\n                                                            <\/td>\n                                                    <td data-order=\"Dor, inflama\u00e7\u00e3o, febre\" class=\"elementor-repeater-item-ff2bde6 ekit_table_data_\">\n                                \n                                    <div class=\"ekit_table_body_container ekit_table_data_ ekit_body_align_center\">\n                                        <p><span style=\"font-weight: 400\">Dor, inflama\u00e7\u00e3o, febre<\/span><\/p>                                    <\/div>\n\n                                                            <\/td>\n                        <tr>                            <td data-order=\"fficido Acetilsalic\u00edlico (Aspirina)\" class=\"elementor-repeater-item-31dc177 ekit_table_data_\">\n                                \n                                    <div class=\"ekit_table_body_container ekit_table_data_ ekit_body_align_center\">\n                                        <p><span style=\"font-weight: 400\">fficido Acetilsalic\u00edlico <\/span><span style=\"font-weight: 400\">(Aspirina)<\/span><\/p>                                    <\/div>\n\n                                                            <\/td>\n                                                    <td data-order=\"Comprimido\" class=\"elementor-repeater-item-c04c92a ekit_table_data_\">\n                                \n                                    <div class=\"ekit_table_body_container ekit_table_data_ ekit_body_align_center\">\n                                        <p><span style=\"font-weight: 400\">Comprimido<\/span><\/p>                                    <\/div>\n\n                                                            <\/td>\n                                                    <td data-order=\"100 mg, 300 mg\" class=\"elementor-repeater-item-8dff1ef ekit_table_data_\">\n                                \n                                    <div class=\"ekit_table_body_container ekit_table_data_ ekit_body_align_center\">\n                                        <p><span style=\"font-weight: 400\">100 mg, 300 mg<\/span><\/p>                                    <\/div>\n\n                                                            <\/td>\n                                                    <td data-order=\"Dor leve, febre, preven\u00e7\u00e3o cardiovascular\" class=\"elementor-repeater-item-e9b11c8 ekit_table_data_\">\n                                \n                                    <div class=\"ekit_table_body_container ekit_table_data_ ekit_body_align_center\">\n                                        <p><span style=\"font-weight: 400\">Dor leve, febre, preven\u00e7\u00e3o <\/span><span style=\"font-weight: 400\">cardiovascular<\/span><\/p>                                    <\/div>\n\n                                                            <\/td>\n                         <\/tbody><\/table>        <\/div>\n\n\n\n    <\/div>\t\t\t\t<\/div>\n\t\t\t\t<\/div>\n\t\t\t\t<div class=\"elementor-element elementor-element-973bc5c elementor-widget elementor-widget-heading\" data-id=\"973bc5c\" data-element_type=\"widget\" data-settings=\"{&quot;ekit_we_effect_on&quot;:&quot;none&quot;}\" data-widget_type=\"heading.default\">\n\t\t\t\t\t<h2 class=\"elementor-heading-title elementor-size-default\">Destaques: R\u00e1pida a\u00e7\u00e3o, seguro para adultos e crian\u00e7as conforme orienta\u00e7\u00e3o, ideal para dores de cabe\u00e7a, musculares e febre.<\/h2>\t\t\t\t<\/div>\n\t\t\t\t\t<\/div>\n\t\t\t\t<\/div>\n\t\t\t\t<\/div>\n\t\t\n    <div class=\"xs_social_share_widget xs_share_url after_content \t\tmain_content  wslu-style-1 wslu-share-box-shaped wslu-fill-colored wslu-none wslu-share-horizontal wslu-theme-font-no wslu-main_content\">\n\n\t\t\n        <ul>\n\t\t\t        <\/ul>\n    <\/div> \n","protected":false},"excerpt":{"rendered":"<p>Analg\u00e9sicos e Antit\u00e9rmicos Objetivo: Al\u00edvio de dores leves a moderadas e redu\u00e7\u00e3o da febre. Medicamento Forma Farmac\u00eautica Dosagem \/ Concentra\u00e7\u00e3o Indica\u00e7\u00e3o Paracetamol Comprimido, Xarope, Suspens\u00e3o 500 mg, G50 mg, 125 mg\/5ml Dor leve a moderada, febre Ibuprofeno Comprimido, C\u00e1psula, Suspens\u00e3o 200 mg, 400 mg, 100 mg\/5ml Dor, inflama\u00e7\u00e3o, febre fficido Acetilsalic\u00edlico (Aspirina) Comprimido 100 mg, [&hellip;]<\/p>\n","protected":false},"author":1,"featured_media":0,"parent":0,"menu_order":0,"comment_status":"closed","ping_status":"closed","template":"elementor_header_footer","meta":{"postBodyCss":"","postBodyMargin":[],"postBodyPadding":[],"postBodyBackground":{"backgroundType":"classic","gradient":""},"footnotes":""},"class_list":["post-1049","page","type-page","status-publish","hentry"],"_links":{"self":[{"href":"https:\/\/indomedix.com.br\/index.php?rest_route=\/wp\/v2\/pages\/1049","targetHints":{"allow":["GET"]}}],"collection":[{"href":"https:\/\/indomedix.com.br\/index.php?rest_route=\/wp\/v2\/pages"}],"about":[{"href":"https:\/\/indomedix.com.br\/index.php?rest_route=\/wp\/v2\/types\/page"}],"author":[{"embeddable":true,"href":"https:\/\/indomedix.com.br\/index.php?rest_route=\/wp\/v2\/users\/1"}],"replies":[{"embeddable":true,"href":"https:\/\/indomedix.com.br\/index.php?rest_route=%2Fwp%2Fv2%2Fcomments&post=1049"}],"version-history":[{"count":25,"href":"https:\/\/indomedix.com.br\/index.php?rest_route=\/wp\/v2\/pages\/1049\/revisions"}],"predecessor-version":[{"id":1277,"href":"https:\/\/indomedix.com.br\/index.php?rest_route=\/wp\/v2\/pages\/1049\/revisions\/1277"}],"wp:attachment":[{"href":"https:\/\/indomedix.com.br\/index.php?rest_route=%2Fwp%2Fv2%2Fmedia&parent=1049"}],"curies":[{"name":"wp","href":"https:\/\/api.w.org\/{rel}","templated":true}]}}