{"id":1055,"date":"2025-09-21T10:12:10","date_gmt":"2025-09-21T10:12:10","guid":{"rendered":"http:\/\/139.59.77.15\/~indomedi\/?page_id=1055"},"modified":"2025-09-24T16:25:39","modified_gmt":"2025-09-24T16:25:39","slug":"vitaminas-e-suplementos","status":"publish","type":"page","link":"https:\/\/indomedix.com.br\/?page_id=1055","title":{"rendered":"Vitaminas e Suplementos"},"content":{"rendered":"\t\t<div data-elementor-type=\"wp-page\" data-elementor-id=\"1055\" class=\"elementor elementor-1055\" data-elementor-settings=\"{&quot;element_pack_global_tooltip_width&quot;:{&quot;unit&quot;:&quot;px&quot;,&quot;size&quot;:&quot;&quot;,&quot;sizes&quot;:[]},&quot;element_pack_global_tooltip_width_tablet&quot;:{&quot;unit&quot;:&quot;px&quot;,&quot;size&quot;:&quot;&quot;,&quot;sizes&quot;:[]},&quot;element_pack_global_tooltip_width_mobile&quot;:{&quot;unit&quot;:&quot;px&quot;,&quot;size&quot;:&quot;&quot;,&quot;sizes&quot;:[]},&quot;element_pack_global_tooltip_padding&quot;:{&quot;unit&quot;:&quot;px&quot;,&quot;top&quot;:&quot;&quot;,&quot;right&quot;:&quot;&quot;,&quot;bottom&quot;:&quot;&quot;,&quot;left&quot;:&quot;&quot;,&quot;isLinked&quot;:true},&quot;element_pack_global_tooltip_padding_tablet&quot;:{&quot;unit&quot;:&quot;px&quot;,&quot;top&quot;:&quot;&quot;,&quot;right&quot;:&quot;&quot;,&quot;bottom&quot;:&quot;&quot;,&quot;left&quot;:&quot;&quot;,&quot;isLinked&quot;:true},&quot;element_pack_global_tooltip_padding_mobile&quot;:{&quot;unit&quot;:&quot;px&quot;,&quot;top&quot;:&quot;&quot;,&quot;right&quot;:&quot;&quot;,&quot;bottom&quot;:&quot;&quot;,&quot;left&quot;:&quot;&quot;,&quot;isLinked&quot;:true},&quot;element_pack_global_tooltip_border_radius&quot;:{&quot;unit&quot;:&quot;px&quot;,&quot;top&quot;:&quot;&quot;,&quot;right&quot;:&quot;&quot;,&quot;bottom&quot;:&quot;&quot;,&quot;left&quot;:&quot;&quot;,&quot;isLinked&quot;:true},&quot;element_pack_global_tooltip_border_radius_tablet&quot;:{&quot;unit&quot;:&quot;px&quot;,&quot;top&quot;:&quot;&quot;,&quot;right&quot;:&quot;&quot;,&quot;bottom&quot;:&quot;&quot;,&quot;left&quot;:&quot;&quot;,&quot;isLinked&quot;:true},&quot;element_pack_global_tooltip_border_radius_mobile&quot;:{&quot;unit&quot;:&quot;px&quot;,&quot;top&quot;:&quot;&quot;,&quot;right&quot;:&quot;&quot;,&quot;bottom&quot;:&quot;&quot;,&quot;left&quot;:&quot;&quot;,&quot;isLinked&quot;:true}}\" data-elementor-post-type=\"page\">\n\t\t\t\t\t\t<section class=\"elementor-section elementor-top-section elementor-element elementor-element-02ab666 elementor-section-boxed elementor-section-height-default elementor-section-height-default\" data-id=\"02ab666\" data-element_type=\"section\" data-settings=\"{&quot;background_background&quot;:&quot;classic&quot;,&quot;ekit_has_onepagescroll_dot&quot;:&quot;yes&quot;}\">\n\t\t\t\t\t\t\t<div class=\"elementor-background-overlay\"><\/div>\n\t\t\t\t\t\t\t<div class=\"elementor-container elementor-column-gap-default\">\n\t\t\t\t\t<div class=\"elementor-column elementor-col-100 elementor-top-column elementor-element elementor-element-652a768\" data-id=\"652a768\" data-element_type=\"column\">\n\t\t\t<div class=\"elementor-widget-wrap elementor-element-populated\">\n\t\t\t\t\t\t<div class=\"elementor-element elementor-element-a85a566 elementor-widget elementor-widget-heading\" data-id=\"a85a566\" data-element_type=\"widget\" data-settings=\"{&quot;ekit_we_effect_on&quot;:&quot;none&quot;}\" data-widget_type=\"heading.default\">\n\t\t\t\t\t<h2 class=\"elementor-heading-title elementor-size-default\">Vitaminas e Suplementos<\/h2>\t\t\t\t<\/div>\n\t\t\t\t\t<\/div>\n\t\t<\/div>\n\t\t\t\t\t<\/div>\n\t\t<\/section>\n\t\t<div class=\"elementor-element elementor-element-9ea4ee1 e-flex e-con-boxed e-con e-parent\" data-id=\"9ea4ee1\" data-element_type=\"container\" data-settings=\"{&quot;background_background&quot;:&quot;classic&quot;,&quot;ekit_has_onepagescroll_dot&quot;:&quot;yes&quot;}\">\n\t\t\t\t\t<div class=\"e-con-inner\">\n\t\t<div class=\"elementor-element elementor-element-2dabfec e-con-full e-flex e-con e-child\" data-id=\"2dabfec\" data-element_type=\"container\" data-settings=\"{&quot;ekit_has_onepagescroll_dot&quot;:&quot;yes&quot;}\">\n\t\t\t\t<div class=\"elementor-element elementor-element-de24b2d elementor-widget elementor-widget-image\" data-id=\"de24b2d\" data-element_type=\"widget\" data-settings=\"{&quot;ekit_we_effect_on&quot;:&quot;none&quot;}\" data-widget_type=\"image.default\">\n\t\t\t\t\t\t\t\t\t\t\t\t\t\t\t<img fetchpriority=\"high\" decoding=\"async\" width=\"580\" height=\"387\" src=\"https:\/\/indomedix.com.br\/wp-content\/uploads\/2025\/09\/medicine.jpg\" class=\"attachment-large size-large wp-image-1071\" alt=\"\" srcset=\"https:\/\/indomedix.com.br\/wp-content\/uploads\/2025\/09\/medicine.jpg 1000w, https:\/\/indomedix.com.br\/wp-content\/uploads\/2025\/09\/medicine-300x200.jpg 300w, https:\/\/indomedix.com.br\/wp-content\/uploads\/2025\/09\/medicine-768x512.jpg 768w\" sizes=\"(max-width: 580px) 100vw, 580px\" \/>\t\t\t\t\t\t\t\t\t\t\t\t\t\t\t<\/div>\n\t\t\t\t<\/div>\n\t\t\t\t\t<\/div>\n\t\t\t\t<\/div>\n\t\t<div class=\"elementor-element elementor-element-b57007a e-flex e-con-boxed e-con e-parent\" data-id=\"b57007a\" data-element_type=\"container\" data-settings=\"{&quot;background_background&quot;:&quot;classic&quot;,&quot;ekit_has_onepagescroll_dot&quot;:&quot;yes&quot;}\">\n\t\t\t\t\t<div class=\"e-con-inner\">\n\t\t\t\t<div class=\"elementor-element elementor-element-6b657a9 elementor-widget elementor-widget-heading\" data-id=\"6b657a9\" data-element_type=\"widget\" data-settings=\"{&quot;ekit_we_effect_on&quot;:&quot;none&quot;}\" data-widget_type=\"heading.default\">\n\t\t\t\t\t<h2 class=\"elementor-heading-title elementor-size-default\">Objetivo: Suporte \u00e0 sa\u00fade geral, imunidade e nutri\u00e7\u00e3o di\u00e1ria.<\/h2>\t\t\t\t<\/div>\n\t\t\t\t<div class=\"elementor-element elementor-element-5ecfff0 elementor-widget elementor-widget-elementskit-table\" data-id=\"5ecfff0\" data-element_type=\"widget\" data-settings=\"{&quot;ekit_we_effect_on&quot;:&quot;none&quot;}\" data-widget_type=\"elementskit-table.default\">\n\t\t\t\t<div class=\"elementor-widget-container\">\n\t\t\t\t\t<div class=\"ekit-wid-con\" >\n        <div class=\"ekit_table display  ekit_table_data_type-custom\" data-settings=\"{&quot;fixedHeader&quot;:false,&quot;search&quot;:false,&quot;search_placeholder&quot;:&quot;&quot;,&quot;responsive&quot;:true,&quot;pagination&quot;:false,&quot;button&quot;:false,&quot;entries&quot;:false,&quot;info&quot;:false,&quot;ordering&quot;:false,&quot;searchIcon&quot;:&quot;&quot;,&quot;item_per_page&quot;:10,&quot;nav_style&quot;:&quot;&quot;,&quot;prev_text&quot;:&quot;&quot;,&quot;next_text&quot;:&quot;&quot;,&quot;prev_arrow&quot;:&quot;&quot;,&quot;next_arrow&quot;:&quot;&quot;}\">\n                <table id=\"ekit-table-container-5ecfff0\" class=\"display dataTable\" style=\"width:100%\"><thead><tr>                            <th class=\"elementor-repeater-item-2b5765d\"><div class=\"ekit_table_item_container  ekit-table-container- \">\n                                Medicamento                            <\/div><\/th>\n                                                   <th class=\"elementor-repeater-item-7b3efba\"><div class=\"ekit_table_item_container  ekit-table-container- \">\n                                Forma  Farmac\u00eautica                            <\/div><\/th>\n                                                   <th class=\"elementor-repeater-item-d7e35ad\"><div class=\"ekit_table_item_container  ekit-table-container- \">\n                                Dosagem \/  Concentra\u00e7\u00e3o                            <\/div><\/th>\n                                                   <th class=\"elementor-repeater-item-c20c938\"><div class=\"ekit_table_item_container  ekit-table-container- \">\n                                Indica\u00e7\u00e3o                            <\/div><\/th>\n                        <\/tr><\/thead><tbody><tr>                            <td data-order=\"Multivitam\u00ednicos\" class=\"elementor-repeater-item-744047d ekit_table_data_\">\n                                \n                                    <div class=\"ekit_table_body_container ekit_table_data_ ekit_body_align_center\">\n                                        <p><span style=\"font-weight: 400\">Multivitam\u00ednicos<\/span><\/p>                                    <\/div>\n\n                                                            <\/td>\n                                                    <td data-order=\"Comprimido, C\u00e1psula\" class=\"elementor-repeater-item-0afc5e1 ekit_table_data_\">\n                                \n                                    <div class=\"ekit_table_body_container ekit_table_data_ ekit_body_align_center\">\n                                        <p><span style=\"font-weight: 400\">Comprimido, C\u00e1psula<\/span><\/p>                                    <\/div>\n\n                                                            <\/td>\n                                                    <td data-order=\"Conforme necessidade di\u00e1ria\" class=\"elementor-repeater-item-bd99998 ekit_table_data_\">\n                                \n                                    <div class=\"ekit_table_body_container ekit_table_data_ ekit_body_align_center\">\n                                        <p><span style=\"font-weight: 400\">Conforme necessidade di\u00e1ria<\/span><\/p>                                    <\/div>\n\n                                                            <\/td>\n                                                    <td data-order=\"Sa\u00fade geral, fortalecimento do sistema imunol\u00f3gico\" class=\"elementor-repeater-item-9f27251 ekit_table_data_\">\n                                \n                                    <div class=\"ekit_table_body_container ekit_table_data_ ekit_body_align_center\">\n                                        <p><span style=\"font-weight: 400\">Sa\u00fade geral, fortalecimento do sistema <\/span><span style=\"font-weight: 400\">imunol\u00f3gico<\/span><\/p>                                    <\/div>\n\n                                                            <\/td>\n                        <tr>                            <td data-order=\"Vitamina C\" class=\"elementor-repeater-item-f815549 ekit_table_data_\">\n                                \n                                    <div class=\"ekit_table_body_container ekit_table_data_ ekit_body_align_center\">\n                                        <p><span style=\"font-weight: 400\">Vitamina C<\/span><\/p>                                    <\/div>\n\n                                                            <\/td>\n                                                    <td data-order=\"Comprimido, Efervescente\" class=\"elementor-repeater-item-23db0ac ekit_table_data_\">\n                                \n                                    <div class=\"ekit_table_body_container ekit_table_data_ ekit_body_align_center\">\n                                        <p><span style=\"font-weight: 400\">Comprimido, Efervescente<\/span><\/p>                                    <\/div>\n\n                                                            <\/td>\n                                                    <td data-order=\"500 mg, 1000 mg\" class=\"elementor-repeater-item-c72c903 ekit_table_data_\">\n                                \n                                    <div class=\"ekit_table_body_container ekit_table_data_ ekit_body_align_center\">\n                                        <p><span style=\"font-weight: 400\">500 mg, 1000 <\/span><span style=\"font-weight: 400\">mg<\/span><\/p>                                    <\/div>\n\n                                                            <\/td>\n                                                    <td data-order=\"Suporte imunol\u00f3gico, antioxidante\" class=\"elementor-repeater-item-ff2bde6 ekit_table_data_\">\n                                \n                                    <div class=\"ekit_table_body_container ekit_table_data_ ekit_body_align_center\">\n                                        <p><span style=\"font-weight: 400\">Suporte <\/span><span style=\"font-weight: 400\">imunol\u00f3gico, antioxidante<\/span><\/p>                                    <\/div>\n\n                                                            <\/td>\n                        <tr>                            <td data-order=\"Vitamina D3\" class=\"elementor-repeater-item-31dc177 ekit_table_data_\">\n                                \n                                    <div class=\"ekit_table_body_container ekit_table_data_ ekit_body_align_center\">\n                                        <p><span style=\"font-weight: 400\">Vitamina D3<\/span><\/p>                                    <\/div>\n\n                                                            <\/td>\n                                                    <td data-order=\"C\u00e1psula, Gotas\" class=\"elementor-repeater-item-c04c92a ekit_table_data_\">\n                                \n                                    <div class=\"ekit_table_body_container ekit_table_data_ ekit_body_align_center\">\n                                        <p><span style=\"font-weight: 400\">C\u00e1psula, Gotas<\/span><\/p>                                    <\/div>\n\n                                                            <\/td>\n                                                    <td data-order=\"1000 IU, 2000 IU\" class=\"elementor-repeater-item-8dff1ef ekit_table_data_\">\n                                \n                                    <div class=\"ekit_table_body_container ekit_table_data_ ekit_body_align_center\">\n                                        <p><span style=\"font-weight: 400\">1000 IU, 2000 IU<\/span><\/p>                                    <\/div>\n\n                                                            <\/td>\n                                                    <td data-order=\"Sa\u00fade \u00f3ssea, imunidade\" class=\"elementor-repeater-item-e9b11c8 ekit_table_data_\">\n                                \n                                    <div class=\"ekit_table_body_container ekit_table_data_ ekit_body_align_center\">\n                                        <p><span style=\"font-weight: 400\">Sa\u00fade \u00f3ssea, <\/span><span style=\"font-weight: 400\">imunidade<\/span><\/p>                                    <\/div>\n\n                                                            <\/td>\n                        <tr>                            <td data-order=\"\u00d4mega-3\" class=\"elementor-repeater-item-6b20a22 ekit_table_data_\">\n                                \n                                    <div class=\"ekit_table_body_container ekit_table_data_ ekit_body_align_center\">\n                                        <p><span style=\"font-weight: 400\">\u00d4mega-3<\/span><\/p>                                    <\/div>\n\n                                                            <\/td>\n                                                    <td data-order=\"C\u00e1psula\" class=\"elementor-repeater-item-e6a966d ekit_table_data_\">\n                                \n                                    <div class=\"ekit_table_body_container ekit_table_data_ ekit_body_align_center\">\n                                        <p><span style=\"font-weight: 400\">C\u00e1psula<\/span><\/p>                                    <\/div>\n\n                                                            <\/td>\n                                                    <td data-order=\"500 mg\" class=\"elementor-repeater-item-771dadf ekit_table_data_\">\n                                \n                                    <div class=\"ekit_table_body_container ekit_table_data_ ekit_body_align_center\">\n                                        <p><span style=\"font-weight: 400\">500 mg<\/span><\/p>                                    <\/div>\n\n                                                            <\/td>\n                                                    <td data-order=\"Sa\u00fade cardiovascular, fun\u00e7\u00e3o cerebral\" class=\"elementor-repeater-item-fa1dc0d ekit_table_data_\">\n                                \n                                    <div class=\"ekit_table_body_container ekit_table_data_ ekit_body_align_center\">\n                                        <p><span style=\"font-weight: 400\">Sa\u00fade <\/span><span style=\"font-weight: 400\">cardiovascular, fun\u00e7\u00e3o cerebral<\/span><\/p>                                    <\/div>\n\n                                                            <\/td>\n                         <\/tbody><\/table>        <\/div>\n\n\n\n    <\/div>\t\t\t\t<\/div>\n\t\t\t\t<\/div>\n\t\t\t\t<div class=\"elementor-element elementor-element-93724b4 elementor-widget elementor-widget-heading\" data-id=\"93724b4\" data-element_type=\"widget\" data-settings=\"{&quot;ekit_we_effect_on&quot;:&quot;none&quot;}\" data-widget_type=\"heading.default\">\n\t\t\t\t\t<h2 class=\"elementor-heading-title elementor-size-default\">Destaques: Ingredientes de alta qualidade, f\u00e1cil absor\u00e7\u00e3o, suporte di\u00e1rio para o bem-estar.<\/h2>\t\t\t\t<\/div>\n\t\t\t\t\t<\/div>\n\t\t\t\t<\/div>\n\t\t\t\t<\/div>\n\t\t\n    <div class=\"xs_social_share_widget xs_share_url after_content \t\tmain_content  wslu-style-1 wslu-share-box-shaped wslu-fill-colored wslu-none wslu-share-horizontal wslu-theme-font-no wslu-main_content\">\n\n\t\t\n        <ul>\n\t\t\t        <\/ul>\n    <\/div> \n","protected":false},"excerpt":{"rendered":"<p>Vitaminas e Suplementos Objetivo: Suporte \u00e0 sa\u00fade geral, imunidade e nutri\u00e7\u00e3o di\u00e1ria. Medicamento Forma Farmac\u00eautica Dosagem \/ Concentra\u00e7\u00e3o Indica\u00e7\u00e3o Multivitam\u00ednicos Comprimido, C\u00e1psula Conforme necessidade di\u00e1ria Sa\u00fade geral, fortalecimento do sistema imunol\u00f3gico Vitamina C Comprimido, Efervescente 500 mg, 1000 mg Suporte imunol\u00f3gico, antioxidante Vitamina D3 C\u00e1psula, Gotas 1000 IU, 2000 IU Sa\u00fade \u00f3ssea, imunidade \u00d4mega-3 C\u00e1psula [&hellip;]<\/p>\n","protected":false},"author":1,"featured_media":0,"parent":0,"menu_order":0,"comment_status":"closed","ping_status":"closed","template":"elementor_header_footer","meta":{"postBodyCss":"","postBodyMargin":[],"postBodyPadding":[],"postBodyBackground":{"backgroundType":"classic","gradient":""},"footnotes":""},"class_list":["post-1055","page","type-page","status-publish","hentry"],"_links":{"self":[{"href":"https:\/\/indomedix.com.br\/index.php?rest_route=\/wp\/v2\/pages\/1055","targetHints":{"allow":["GET"]}}],"collection":[{"href":"https:\/\/indomedix.com.br\/index.php?rest_route=\/wp\/v2\/pages"}],"about":[{"href":"https:\/\/indomedix.com.br\/index.php?rest_route=\/wp\/v2\/types\/page"}],"author":[{"embeddable":true,"href":"https:\/\/indomedix.com.br\/index.php?rest_route=\/wp\/v2\/users\/1"}],"replies":[{"embeddable":true,"href":"https:\/\/indomedix.com.br\/index.php?rest_route=%2Fwp%2Fv2%2Fcomments&post=1055"}],"version-history":[{"count":19,"href":"https:\/\/indomedix.com.br\/index.php?rest_route=\/wp\/v2\/pages\/1055\/revisions"}],"predecessor-version":[{"id":1295,"href":"https:\/\/indomedix.com.br\/index.php?rest_route=\/wp\/v2\/pages\/1055\/revisions\/1295"}],"wp:attachment":[{"href":"https:\/\/indomedix.com.br\/index.php?rest_route=%2Fwp%2Fv2%2Fmedia&parent=1055"}],"curies":[{"name":"wp","href":"https:\/\/api.w.org\/{rel}","templated":true}]}}