{"id":1060,"date":"2025-09-21T10:14:00","date_gmt":"2025-09-21T10:14:00","guid":{"rendered":"http:\/\/139.59.77.15\/~indomedi\/?page_id=1060"},"modified":"2025-09-24T16:53:32","modified_gmt":"2025-09-24T16:53:32","slug":"produtos-de-bem-estar-e-estilo-de-vida","status":"publish","type":"page","link":"https:\/\/indomedix.com.br\/?page_id=1060","title":{"rendered":"Produtos de Bem-Estar e Estilo de Vida"},"content":{"rendered":"\t\t<div data-elementor-type=\"wp-page\" data-elementor-id=\"1060\" class=\"elementor elementor-1060\" data-elementor-settings=\"{&quot;element_pack_global_tooltip_width&quot;:{&quot;unit&quot;:&quot;px&quot;,&quot;size&quot;:&quot;&quot;,&quot;sizes&quot;:[]},&quot;element_pack_global_tooltip_width_tablet&quot;:{&quot;unit&quot;:&quot;px&quot;,&quot;size&quot;:&quot;&quot;,&quot;sizes&quot;:[]},&quot;element_pack_global_tooltip_width_mobile&quot;:{&quot;unit&quot;:&quot;px&quot;,&quot;size&quot;:&quot;&quot;,&quot;sizes&quot;:[]},&quot;element_pack_global_tooltip_padding&quot;:{&quot;unit&quot;:&quot;px&quot;,&quot;top&quot;:&quot;&quot;,&quot;right&quot;:&quot;&quot;,&quot;bottom&quot;:&quot;&quot;,&quot;left&quot;:&quot;&quot;,&quot;isLinked&quot;:true},&quot;element_pack_global_tooltip_padding_tablet&quot;:{&quot;unit&quot;:&quot;px&quot;,&quot;top&quot;:&quot;&quot;,&quot;right&quot;:&quot;&quot;,&quot;bottom&quot;:&quot;&quot;,&quot;left&quot;:&quot;&quot;,&quot;isLinked&quot;:true},&quot;element_pack_global_tooltip_padding_mobile&quot;:{&quot;unit&quot;:&quot;px&quot;,&quot;top&quot;:&quot;&quot;,&quot;right&quot;:&quot;&quot;,&quot;bottom&quot;:&quot;&quot;,&quot;left&quot;:&quot;&quot;,&quot;isLinked&quot;:true},&quot;element_pack_global_tooltip_border_radius&quot;:{&quot;unit&quot;:&quot;px&quot;,&quot;top&quot;:&quot;&quot;,&quot;right&quot;:&quot;&quot;,&quot;bottom&quot;:&quot;&quot;,&quot;left&quot;:&quot;&quot;,&quot;isLinked&quot;:true},&quot;element_pack_global_tooltip_border_radius_tablet&quot;:{&quot;unit&quot;:&quot;px&quot;,&quot;top&quot;:&quot;&quot;,&quot;right&quot;:&quot;&quot;,&quot;bottom&quot;:&quot;&quot;,&quot;left&quot;:&quot;&quot;,&quot;isLinked&quot;:true},&quot;element_pack_global_tooltip_border_radius_mobile&quot;:{&quot;unit&quot;:&quot;px&quot;,&quot;top&quot;:&quot;&quot;,&quot;right&quot;:&quot;&quot;,&quot;bottom&quot;:&quot;&quot;,&quot;left&quot;:&quot;&quot;,&quot;isLinked&quot;:true}}\" data-elementor-post-type=\"page\">\n\t\t\t\t\t\t<section class=\"elementor-section elementor-top-section elementor-element elementor-element-6ec9efd elementor-section-boxed elementor-section-height-default elementor-section-height-default\" data-id=\"6ec9efd\" data-element_type=\"section\" data-settings=\"{&quot;background_background&quot;:&quot;classic&quot;,&quot;ekit_has_onepagescroll_dot&quot;:&quot;yes&quot;}\">\n\t\t\t\t\t\t\t<div class=\"elementor-background-overlay\"><\/div>\n\t\t\t\t\t\t\t<div class=\"elementor-container elementor-column-gap-default\">\n\t\t\t\t\t<div class=\"elementor-column elementor-col-100 elementor-top-column elementor-element elementor-element-d4ccb4c\" data-id=\"d4ccb4c\" data-element_type=\"column\">\n\t\t\t<div class=\"elementor-widget-wrap elementor-element-populated\">\n\t\t\t\t\t\t<div class=\"elementor-element elementor-element-d98e3ec elementor-widget elementor-widget-heading\" data-id=\"d98e3ec\" data-element_type=\"widget\" data-settings=\"{&quot;ekit_we_effect_on&quot;:&quot;none&quot;}\" data-widget_type=\"heading.default\">\n\t\t\t\t\t<h2 class=\"elementor-heading-title elementor-size-default\">Produtos de Bem-Estar e Estilo de Vida<\/h2>\t\t\t\t<\/div>\n\t\t\t\t\t<\/div>\n\t\t<\/div>\n\t\t\t\t\t<\/div>\n\t\t<\/section>\n\t\t<div class=\"elementor-element elementor-element-88aaf58 e-flex e-con-boxed e-con e-parent\" data-id=\"88aaf58\" data-element_type=\"container\" data-settings=\"{&quot;background_background&quot;:&quot;classic&quot;,&quot;ekit_has_onepagescroll_dot&quot;:&quot;yes&quot;}\">\n\t\t\t\t\t<div class=\"e-con-inner\">\n\t\t<div class=\"elementor-element elementor-element-dd27af8 e-con-full e-flex e-con e-child\" data-id=\"dd27af8\" data-element_type=\"container\" data-settings=\"{&quot;ekit_has_onepagescroll_dot&quot;:&quot;yes&quot;}\">\n\t\t\t\t<div class=\"elementor-element elementor-element-2e9382f elementor-widget elementor-widget-image\" data-id=\"2e9382f\" data-element_type=\"widget\" data-settings=\"{&quot;ekit_we_effect_on&quot;:&quot;none&quot;}\" data-widget_type=\"image.default\">\n\t\t\t\t\t\t\t\t\t\t\t\t\t\t\t<img fetchpriority=\"high\" decoding=\"async\" width=\"580\" height=\"435\" src=\"https:\/\/indomedix.com.br\/wp-content\/uploads\/2025\/09\/govt-mulls-allowing-the-sale-of-common-medicines-in-general-stores-1024x768.webp\" class=\"attachment-large size-large wp-image-1073\" alt=\"\" srcset=\"https:\/\/indomedix.com.br\/wp-content\/uploads\/2025\/09\/govt-mulls-allowing-the-sale-of-common-medicines-in-general-stores-1024x768.webp 1024w, https:\/\/indomedix.com.br\/wp-content\/uploads\/2025\/09\/govt-mulls-allowing-the-sale-of-common-medicines-in-general-stores-300x225.webp 300w, https:\/\/indomedix.com.br\/wp-content\/uploads\/2025\/09\/govt-mulls-allowing-the-sale-of-common-medicines-in-general-stores-768x576.webp 768w, https:\/\/indomedix.com.br\/wp-content\/uploads\/2025\/09\/govt-mulls-allowing-the-sale-of-common-medicines-in-general-stores.webp 1200w\" sizes=\"(max-width: 580px) 100vw, 580px\" \/>\t\t\t\t\t\t\t\t\t\t\t\t\t\t\t<\/div>\n\t\t\t\t<\/div>\n\t\t\t\t\t<\/div>\n\t\t\t\t<\/div>\n\t\t<div class=\"elementor-element elementor-element-27c8636 e-flex e-con-boxed e-con e-parent\" data-id=\"27c8636\" data-element_type=\"container\" data-settings=\"{&quot;background_background&quot;:&quot;classic&quot;,&quot;ekit_has_onepagescroll_dot&quot;:&quot;yes&quot;}\">\n\t\t\t\t\t<div class=\"e-con-inner\">\n\t\t\t\t<div class=\"elementor-element elementor-element-09d179c elementor-widget elementor-widget-heading\" data-id=\"09d179c\" data-element_type=\"widget\" data-settings=\"{&quot;ekit_we_effect_on&quot;:&quot;none&quot;}\" data-widget_type=\"heading.default\">\n\t\t\t\t\t<h2 class=\"elementor-heading-title elementor-size-default\">Objetivo: Suporte \u00e0 qualidade de vida, relaxamento, sono e fun\u00e7\u00f5es corporais di\u00e1rias.<\/h2>\t\t\t\t<\/div>\n\t\t\t\t<div class=\"elementor-element elementor-element-a68e1b1 elementor-widget elementor-widget-elementskit-table\" data-id=\"a68e1b1\" data-element_type=\"widget\" data-settings=\"{&quot;ekit_we_effect_on&quot;:&quot;none&quot;}\" data-widget_type=\"elementskit-table.default\">\n\t\t\t\t<div class=\"elementor-widget-container\">\n\t\t\t\t\t<div class=\"ekit-wid-con\" >\n        <div class=\"ekit_table display  ekit_table_data_type-custom\" data-settings=\"{&quot;fixedHeader&quot;:false,&quot;search&quot;:false,&quot;search_placeholder&quot;:&quot;&quot;,&quot;responsive&quot;:true,&quot;pagination&quot;:false,&quot;button&quot;:false,&quot;entries&quot;:false,&quot;info&quot;:false,&quot;ordering&quot;:false,&quot;searchIcon&quot;:&quot;&quot;,&quot;item_per_page&quot;:10,&quot;nav_style&quot;:&quot;&quot;,&quot;prev_text&quot;:&quot;&quot;,&quot;next_text&quot;:&quot;&quot;,&quot;prev_arrow&quot;:&quot;&quot;,&quot;next_arrow&quot;:&quot;&quot;}\">\n                <table id=\"ekit-table-container-a68e1b1\" class=\"display dataTable\" style=\"width:100%\"><thead><tr>                            <th class=\"elementor-repeater-item-2b5765d\"><div class=\"ekit_table_item_container  ekit-table-container- \">\n                                Medicamento                            <\/div><\/th>\n                                                   <th class=\"elementor-repeater-item-7b3efba\"><div class=\"ekit_table_item_container  ekit-table-container- \">\n                                Forma  Farmac\u00eautica                            <\/div><\/th>\n                                                   <th class=\"elementor-repeater-item-d7e35ad\"><div class=\"ekit_table_item_container  ekit-table-container- \">\n                                Dosagem \/  Concentra\u00e7\u00e3o                            <\/div><\/th>\n                                                   <th class=\"elementor-repeater-item-c20c938\"><div class=\"ekit_table_item_container  ekit-table-container- \">\n                                Indica\u00e7\u00e3o                            <\/div><\/th>\n                        <\/tr><\/thead><tbody><tr>                            <td data-order=\"Melatonina\" class=\"elementor-repeater-item-744047d ekit_table_data_\">\n                                \n                                    <div class=\"ekit_table_body_container ekit_table_data_ ekit_body_align_center\">\n                                        <p><span style=\"font-weight: 400\">Melatonina<\/span><\/p>                                    <\/div>\n\n                                                            <\/td>\n                                                    <td data-order=\"Comprimido\" class=\"elementor-repeater-item-0afc5e1 ekit_table_data_\">\n                                \n                                    <div class=\"ekit_table_body_container ekit_table_data_ ekit_body_align_center\">\n                                        <p><span style=\"font-weight: 400\">Comprimido<\/span><\/p>                                    <\/div>\n\n                                                            <\/td>\n                                                    <td data-order=\"3 mg, 5 mg\" class=\"elementor-repeater-item-bd99998 ekit_table_data_\">\n                                \n                                    <div class=\"ekit_table_body_container ekit_table_data_ ekit_body_align_center\">\n                                        <p><span style=\"font-weight: 400\">3 mg, 5 mg<\/span><\/p>                                    <\/div>\n\n                                                            <\/td>\n                                                    <td data-order=\"Aux\u00edlio no sono\" class=\"elementor-repeater-item-9f27251 ekit_table_data_\">\n                                \n                                    <div class=\"ekit_table_body_container ekit_table_data_ ekit_body_align_center\">\n                                        <p><span style=\"font-weight: 400\">Aux\u00edlio no sono<\/span><\/p>                                    <\/div>\n\n                                                            <\/td>\n                        <tr>                            <td data-order=\"Solu\u00e7\u00e3o Eletrol\u00edtica\" class=\"elementor-repeater-item-f815549 ekit_table_data_\">\n                                \n                                    <div class=\"ekit_table_body_container ekit_table_data_ ekit_body_align_center\">\n                                        <p><span style=\"font-weight: 400\">Solu\u00e7\u00e3o Eletrol\u00edtica<\/span><\/p>                                    <\/div>\n\n                                                            <\/td>\n                                                    <td data-order=\"P\u00f3, L\u00edquido\" class=\"elementor-repeater-item-23db0ac ekit_table_data_\">\n                                \n                                    <div class=\"ekit_table_body_container ekit_table_data_ ekit_body_align_center\">\n                                        <p><span style=\"font-weight: 400\">P\u00f3, L\u00edquido<\/span><\/p>                                    <\/div>\n\n                                                            <\/td>\n                                                    <td data-order=\"Conforme orienta\u00e7\u00e3o\" class=\"elementor-repeater-item-c72c903 ekit_table_data_\">\n                                \n                                    <div class=\"ekit_table_body_container ekit_table_data_ ekit_body_align_center\">\n                                        <p><span style=\"font-weight: 400\">Conforme orienta\u00e7\u00e3o<\/span><\/p>                                    <\/div>\n\n                                                            <\/td>\n                                                    <td data-order=\"Hidrata\u00e7\u00e3o, reposi\u00e7\u00e3o de eletr\u00f3litos\" class=\"elementor-repeater-item-ff2bde6 ekit_table_data_\">\n                                \n                                    <div class=\"ekit_table_body_container ekit_table_data_ ekit_body_align_center\">\n                                        <p><span style=\"font-weight: 400\">Hidrata\u00e7\u00e3o, <\/span><span style=\"font-weight: 400\">reposi\u00e7\u00e3o de eletr\u00f3litos<\/span><\/p>                                    <\/div>\n\n                                                            <\/td>\n                        <tr>                            <td data-order=\"Suplementos Naturais \/ Fitoter\u00e1picos\" class=\"elementor-repeater-item-31dc177 ekit_table_data_\">\n                                \n                                    <div class=\"ekit_table_body_container ekit_table_data_ ekit_body_align_center\">\n                                        <p><span style=\"font-weight: 400\">Suplementos Naturais \/ Fitoter\u00e1picos<\/span><\/p>                                    <\/div>\n\n                                                            <\/td>\n                                                    <td data-order=\"C\u00e1psula, Ch\u00e1\" class=\"elementor-repeater-item-c04c92a ekit_table_data_\">\n                                \n                                    <div class=\"ekit_table_body_container ekit_table_data_ ekit_body_align_center\">\n                                        <p><span style=\"font-weight: 400\">C\u00e1psula, Ch\u00e1<\/span><\/p>                                    <\/div>\n\n                                                            <\/td>\n                                                    <td data-order=\"Vari\u00e1vel\" class=\"elementor-repeater-item-8dff1ef ekit_table_data_\">\n                                \n                                    <div class=\"ekit_table_body_container ekit_table_data_ ekit_body_align_center\">\n                                        <p><span style=\"font-weight: 400\">Vari\u00e1vel<\/span><\/p>                                    <\/div>\n\n                                                            <\/td>\n                                                    <td data-order=\"Redu\u00e7\u00e3o de estresse, energia, concentra\u00e7\u00e3o\" class=\"elementor-repeater-item-e9b11c8 ekit_table_data_\">\n                                \n                                    <div class=\"ekit_table_body_container ekit_table_data_ ekit_body_align_center\">\n                                        <p><span style=\"font-weight: 400\">Redu\u00e7\u00e3o de estresse, energia, <\/span><span style=\"font-weight: 400\">concentra\u00e7\u00e3o<\/span><\/p>                                    <\/div>\n\n                                                            <\/td>\n                         <\/tbody><\/table>        <\/div>\n\n\n\n    <\/div>\t\t\t\t<\/div>\n\t\t\t\t<\/div>\n\t\t\t\t<div class=\"elementor-element elementor-element-c89df75 elementor-widget elementor-widget-text-editor\" data-id=\"c89df75\" data-element_type=\"widget\" data-settings=\"{&quot;ekit_we_effect_on&quot;:&quot;none&quot;}\" data-widget_type=\"text-editor.default\">\n\t\t\t\t\t\t\t\t\t<p><span style=\"font-weight: 400;\">Destaques: <\/span><span style=\"font-weight: 400;\">Contribuem para o bem-estar di\u00e1rio, suporte natural \u00e0s fun\u00e7\u00f5es do corpo, f\u00e1ceis de administrar.<\/span><\/p><p><span style=\"font-weight: 400;\">Diferenciais INDOMEDEX para OTC<\/span><\/p><ul><li style=\"font-weight: 400;\" aria-level=\"1\"><span style=\"font-weight: 400;\">Qualidade e Seguran\u00e7a: <\/span><span style=\"font-weight: 400;\">Total conformidade com normas ANVISA e boas pr\u00e1ticas de fabrica\u00e7\u00e3o (GMP).<\/span><\/li><li style=\"font-weight: 400;\" aria-level=\"1\"><span style=\"font-weight: 400;\">Variedade e Acessibilidade: <\/span><span style=\"font-weight: 400;\">Linha completa para as principais necessidades de sa\u00fade da popula\u00e7\u00e3o.<\/span><span style=\"font-weight: 400;\"><br \/><\/span><\/li><li style=\"font-weight: 400;\" aria-level=\"1\"><span style=\"font-weight: 400;\">Inova\u00e7\u00e3o: <\/span><span style=\"font-weight: 400;\">Novas formula\u00e7\u00f5es e produtos de maior efic\u00e1cia para o mercado brasileiro.<\/span><\/li><\/ul><p><span style=\"font-weight: 400;\">Distribui\u00e7\u00e3o Eficiente: <\/span><span style=\"font-weight: 400;\">Produtos dispon\u00edveis em farm\u00e1cias, hospitais e cl\u00ednicas em todo o pa\u00eds.<\/span><\/p>\t\t\t\t\t\t\t\t<\/div>\n\t\t\t\t\t<\/div>\n\t\t\t\t<\/div>\n\t\t\t\t<\/div>\n\t\t\n    <div class=\"xs_social_share_widget xs_share_url after_content \t\tmain_content  wslu-style-1 wslu-share-box-shaped wslu-fill-colored wslu-none wslu-share-horizontal wslu-theme-font-no wslu-main_content\">\n\n\t\t\n        <ul>\n\t\t\t        <\/ul>\n    <\/div> \n","protected":false},"excerpt":{"rendered":"<p>Produtos de Bem-Estar e Estilo de Vida Objetivo: Suporte \u00e0 qualidade de vida, relaxamento, sono e fun\u00e7\u00f5es corporais di\u00e1rias. Medicamento Forma Farmac\u00eautica Dosagem \/ Concentra\u00e7\u00e3o Indica\u00e7\u00e3o Melatonina Comprimido 3 mg, 5 mg Aux\u00edlio no sono Solu\u00e7\u00e3o Eletrol\u00edtica P\u00f3, L\u00edquido Conforme orienta\u00e7\u00e3o Hidrata\u00e7\u00e3o, reposi\u00e7\u00e3o de eletr\u00f3litos Suplementos Naturais \/ Fitoter\u00e1picos C\u00e1psula, Ch\u00e1 Vari\u00e1vel Redu\u00e7\u00e3o de estresse, [&hellip;]<\/p>\n","protected":false},"author":1,"featured_media":0,"parent":0,"menu_order":0,"comment_status":"closed","ping_status":"closed","template":"elementor_header_footer","meta":{"postBodyCss":"","postBodyMargin":[],"postBodyPadding":[],"postBodyBackground":{"backgroundType":"classic","gradient":""},"footnotes":""},"class_list":["post-1060","page","type-page","status-publish","hentry"],"_links":{"self":[{"href":"https:\/\/indomedix.com.br\/index.php?rest_route=\/wp\/v2\/pages\/1060","targetHints":{"allow":["GET"]}}],"collection":[{"href":"https:\/\/indomedix.com.br\/index.php?rest_route=\/wp\/v2\/pages"}],"about":[{"href":"https:\/\/indomedix.com.br\/index.php?rest_route=\/wp\/v2\/types\/page"}],"author":[{"embeddable":true,"href":"https:\/\/indomedix.com.br\/index.php?rest_route=\/wp\/v2\/users\/1"}],"replies":[{"embeddable":true,"href":"https:\/\/indomedix.com.br\/index.php?rest_route=%2Fwp%2Fv2%2Fcomments&post=1060"}],"version-history":[{"count":13,"href":"https:\/\/indomedix.com.br\/index.php?rest_route=\/wp\/v2\/pages\/1060\/revisions"}],"predecessor-version":[{"id":1309,"href":"https:\/\/indomedix.com.br\/index.php?rest_route=\/wp\/v2\/pages\/1060\/revisions\/1309"}],"wp:attachment":[{"href":"https:\/\/indomedix.com.br\/index.php?rest_route=%2Fwp%2Fv2%2Fmedia&parent=1060"}],"curies":[{"name":"wp","href":"https:\/\/api.w.org\/{rel}","templated":true}]}}