{"id":372,"date":"2025-09-16T19:11:49","date_gmt":"2025-09-16T19:11:49","guid":{"rendered":"http:\/\/139.59.77.15\/~indomedi\/?page_id=372"},"modified":"2025-09-19T10:47:55","modified_gmt":"2025-09-19T10:47:55","slug":"anaesthesiology","status":"publish","type":"page","link":"https:\/\/indomedix.com.br\/?page_id=372","title":{"rendered":"Anaesthesiology"},"content":{"rendered":"\t\t<div data-elementor-type=\"wp-page\" data-elementor-id=\"372\" class=\"elementor elementor-372\" data-elementor-settings=\"{&quot;element_pack_global_tooltip_width&quot;:{&quot;unit&quot;:&quot;px&quot;,&quot;size&quot;:&quot;&quot;,&quot;sizes&quot;:[]},&quot;element_pack_global_tooltip_width_tablet&quot;:{&quot;unit&quot;:&quot;px&quot;,&quot;size&quot;:&quot;&quot;,&quot;sizes&quot;:[]},&quot;element_pack_global_tooltip_width_mobile&quot;:{&quot;unit&quot;:&quot;px&quot;,&quot;size&quot;:&quot;&quot;,&quot;sizes&quot;:[]},&quot;element_pack_global_tooltip_padding&quot;:{&quot;unit&quot;:&quot;px&quot;,&quot;top&quot;:&quot;&quot;,&quot;right&quot;:&quot;&quot;,&quot;bottom&quot;:&quot;&quot;,&quot;left&quot;:&quot;&quot;,&quot;isLinked&quot;:true},&quot;element_pack_global_tooltip_padding_tablet&quot;:{&quot;unit&quot;:&quot;px&quot;,&quot;top&quot;:&quot;&quot;,&quot;right&quot;:&quot;&quot;,&quot;bottom&quot;:&quot;&quot;,&quot;left&quot;:&quot;&quot;,&quot;isLinked&quot;:true},&quot;element_pack_global_tooltip_padding_mobile&quot;:{&quot;unit&quot;:&quot;px&quot;,&quot;top&quot;:&quot;&quot;,&quot;right&quot;:&quot;&quot;,&quot;bottom&quot;:&quot;&quot;,&quot;left&quot;:&quot;&quot;,&quot;isLinked&quot;:true},&quot;element_pack_global_tooltip_border_radius&quot;:{&quot;unit&quot;:&quot;px&quot;,&quot;top&quot;:&quot;&quot;,&quot;right&quot;:&quot;&quot;,&quot;bottom&quot;:&quot;&quot;,&quot;left&quot;:&quot;&quot;,&quot;isLinked&quot;:true},&quot;element_pack_global_tooltip_border_radius_tablet&quot;:{&quot;unit&quot;:&quot;px&quot;,&quot;top&quot;:&quot;&quot;,&quot;right&quot;:&quot;&quot;,&quot;bottom&quot;:&quot;&quot;,&quot;left&quot;:&quot;&quot;,&quot;isLinked&quot;:true},&quot;element_pack_global_tooltip_border_radius_mobile&quot;:{&quot;unit&quot;:&quot;px&quot;,&quot;top&quot;:&quot;&quot;,&quot;right&quot;:&quot;&quot;,&quot;bottom&quot;:&quot;&quot;,&quot;left&quot;:&quot;&quot;,&quot;isLinked&quot;:true}}\" data-elementor-post-type=\"page\">\n\t\t\t\t\t\t<section class=\"elementor-section elementor-top-section elementor-element elementor-element-54c4a01 elementor-section-boxed elementor-section-height-default elementor-section-height-default\" data-id=\"54c4a01\" data-element_type=\"section\" data-settings=\"{&quot;ekit_has_onepagescroll_dot&quot;:&quot;yes&quot;}\">\n\t\t\t\t\t\t\t<div class=\"elementor-background-overlay\"><\/div>\n\t\t\t\t\t\t\t<div class=\"elementor-container elementor-column-gap-default\">\n\t\t\t\t\t<div class=\"elementor-column elementor-col-100 elementor-top-column elementor-element elementor-element-221bb7c\" data-id=\"221bb7c\" data-element_type=\"column\">\n\t\t\t<div class=\"elementor-widget-wrap elementor-element-populated\">\n\t\t\t\t\t\t<div class=\"elementor-element elementor-element-2d89acb elementor-widget elementor-widget-heading\" data-id=\"2d89acb\" data-element_type=\"widget\" data-settings=\"{&quot;ekit_we_effect_on&quot;:&quot;none&quot;}\" data-widget_type=\"heading.default\">\n\t\t\t\t\t<h2 class=\"elementor-heading-title elementor-size-default\">Anestesiologia<\/h2>\t\t\t\t<\/div>\n\t\t\t\t\t<\/div>\n\t\t<\/div>\n\t\t\t\t\t<\/div>\n\t\t<\/section>\n\t\t<div class=\"elementor-element elementor-element-b612d97 e-flex e-con-boxed e-con e-parent\" data-id=\"b612d97\" data-element_type=\"container\" data-settings=\"{&quot;background_background&quot;:&quot;classic&quot;,&quot;ekit_has_onepagescroll_dot&quot;:&quot;yes&quot;}\">\n\t\t\t\t\t<div class=\"e-con-inner\">\n\t\t<div class=\"elementor-element elementor-element-62e5de7 e-con-full e-flex e-con e-child\" data-id=\"62e5de7\" data-element_type=\"container\" data-settings=\"{&quot;ekit_has_onepagescroll_dot&quot;:&quot;yes&quot;}\">\n\t\t\t\t<div class=\"elementor-element elementor-element-ff482f9 elementor-widget elementor-widget-gallery\" data-id=\"ff482f9\" data-element_type=\"widget\" data-settings=\"{&quot;gallery_layout&quot;:&quot;justified&quot;,&quot;ideal_row_height&quot;:{&quot;unit&quot;:&quot;px&quot;,&quot;size&quot;:193,&quot;sizes&quot;:[]},&quot;lazyload&quot;:&quot;yes&quot;,&quot;ideal_row_height_tablet&quot;:{&quot;unit&quot;:&quot;px&quot;,&quot;size&quot;:150,&quot;sizes&quot;:[]},&quot;ideal_row_height_mobile&quot;:{&quot;unit&quot;:&quot;px&quot;,&quot;size&quot;:150,&quot;sizes&quot;:[]},&quot;gap&quot;:{&quot;unit&quot;:&quot;px&quot;,&quot;size&quot;:10,&quot;sizes&quot;:[]},&quot;gap_tablet&quot;:{&quot;unit&quot;:&quot;px&quot;,&quot;size&quot;:10,&quot;sizes&quot;:[]},&quot;gap_mobile&quot;:{&quot;unit&quot;:&quot;px&quot;,&quot;size&quot;:10,&quot;sizes&quot;:[]},&quot;link_to&quot;:&quot;file&quot;,&quot;content_hover_animation&quot;:&quot;fade-in&quot;,&quot;ekit_we_effect_on&quot;:&quot;none&quot;}\" data-widget_type=\"gallery.default\">\n\t\t\t\t\t\t\t<div class=\"elementor-gallery__container\">\n\t\t\t\t\t\t\t<a class=\"e-gallery-item elementor-gallery-item elementor-animated-content\" href=\"https:\/\/indomedix.com.br\/wp-content\/uploads\/2025\/09\/anestesiologia-reanimacio-ud.jpg\" data-elementor-open-lightbox=\"yes\" data-elementor-lightbox-slideshow=\"ff482f9\" data-elementor-lightbox-title=\"anestesiologia-reanimacio-ud\" data-e-action-hash=\"#elementor-action%3Aaction%3Dlightbox%26settings%3DeyJpZCI6ODMyLCJ1cmwiOiJodHRwczpcL1wvaW5kb21lZGl4LmNvbS5iclwvd3AtY29udGVudFwvdXBsb2Fkc1wvMjAyNVwvMDlcL2FuZXN0ZXNpb2xvZ2lhLXJlYW5pbWFjaW8tdWQuanBnIiwic2xpZGVzaG93IjoiZmY0ODJmOSJ9\">\n\t\t\t\t\t<div class=\"e-gallery-image elementor-gallery-item__image\" data-thumbnail=\"https:\/\/indomedix.com.br\/wp-content\/uploads\/2025\/09\/anestesiologia-reanimacio-ud.jpg\" data-width=\"2016\" data-height=\"1512\" aria-label=\"\" role=\"img\" ><\/div>\n\t\t\t\t\t\t\t\t\t\t\t\t\t\t<\/a>\n\t\t\t\t\t\t\t<a class=\"e-gallery-item elementor-gallery-item elementor-animated-content\" href=\"https:\/\/indomedix.com.br\/wp-content\/uploads\/2025\/09\/articulos-30483.jpeg\" data-elementor-open-lightbox=\"yes\" data-elementor-lightbox-slideshow=\"ff482f9\" data-elementor-lightbox-title=\"articulos-30483\" data-e-action-hash=\"#elementor-action%3Aaction%3Dlightbox%26settings%3DeyJpZCI6ODMzLCJ1cmwiOiJodHRwczpcL1wvaW5kb21lZGl4LmNvbS5iclwvd3AtY29udGVudFwvdXBsb2Fkc1wvMjAyNVwvMDlcL2FydGljdWxvcy0zMDQ4My5qcGVnIiwic2xpZGVzaG93IjoiZmY0ODJmOSJ9\">\n\t\t\t\t\t<div class=\"e-gallery-image elementor-gallery-item__image\" data-thumbnail=\"https:\/\/indomedix.com.br\/wp-content\/uploads\/2025\/09\/articulos-30483.jpeg\" data-width=\"1200\" data-height=\"564\" aria-label=\"\" role=\"img\" ><\/div>\n\t\t\t\t\t\t\t\t\t\t\t\t\t\t<\/a>\n\t\t\t\t\t\t\t<a class=\"e-gallery-item elementor-gallery-item elementor-animated-content\" href=\"https:\/\/indomedix.com.br\/wp-content\/uploads\/2025\/09\/Intensive-Care-and-Anesthesiology.webp\" data-elementor-open-lightbox=\"yes\" data-elementor-lightbox-slideshow=\"ff482f9\" data-elementor-lightbox-title=\"Intensive-Care-and-Anesthesiology\" data-e-action-hash=\"#elementor-action%3Aaction%3Dlightbox%26settings%3DeyJpZCI6Mzk5LCJ1cmwiOiJodHRwczpcL1wvaW5kb21lZGl4LmNvbS5iclwvd3AtY29udGVudFwvdXBsb2Fkc1wvMjAyNVwvMDlcL0ludGVuc2l2ZS1DYXJlLWFuZC1BbmVzdGhlc2lvbG9neS53ZWJwIiwic2xpZGVzaG93IjoiZmY0ODJmOSJ9\">\n\t\t\t\t\t<div class=\"e-gallery-image elementor-gallery-item__image\" data-thumbnail=\"https:\/\/indomedix.com.br\/wp-content\/uploads\/2025\/09\/Intensive-Care-and-Anesthesiology.webp\" data-width=\"600\" data-height=\"394\" aria-label=\"\" role=\"img\" ><\/div>\n\t\t\t\t\t\t\t\t\t\t\t\t\t\t<\/a>\n\t\t\t\t\t\t\t<a class=\"e-gallery-item elementor-gallery-item elementor-animated-content\" href=\"https:\/\/indomedix.com.br\/wp-content\/uploads\/2025\/09\/Anestesiologia.avif\" data-elementor-open-lightbox=\"yes\" data-elementor-lightbox-slideshow=\"ff482f9\" data-elementor-lightbox-title=\"Anestesiologia\" data-e-action-hash=\"#elementor-action%3Aaction%3Dlightbox%26settings%3DeyJpZCI6ODM0LCJ1cmwiOiJodHRwczpcL1wvaW5kb21lZGl4LmNvbS5iclwvd3AtY29udGVudFwvdXBsb2Fkc1wvMjAyNVwvMDlcL0FuZXN0ZXNpb2xvZ2lhLmF2aWYiLCJzbGlkZXNob3ciOiJmZjQ4MmY5In0%3D\">\n\t\t\t\t\t<div class=\"e-gallery-image elementor-gallery-item__image\" data-thumbnail=\"https:\/\/indomedix.com.br\/wp-content\/uploads\/2025\/09\/Anestesiologia.avif\" data-width=\"750\" data-height=\"500\" aria-label=\"\" role=\"img\" ><\/div>\n\t\t\t\t\t\t\t\t\t\t\t\t\t\t<\/a>\n\t\t\t\t\t\t\t<a class=\"e-gallery-item elementor-gallery-item elementor-animated-content\" href=\"https:\/\/indomedix.com.br\/wp-content\/uploads\/2025\/09\/GettyImages-1592701053-1068x712-1.jpg\" data-elementor-open-lightbox=\"yes\" data-elementor-lightbox-slideshow=\"ff482f9\" data-elementor-lightbox-title=\"Serious calm concentrated male anesthesiologist in operating gown giving oxygen to sleeping patient on operating table\" data-e-action-hash=\"#elementor-action%3Aaction%3Dlightbox%26settings%3DeyJpZCI6ODM1LCJ1cmwiOiJodHRwczpcL1wvaW5kb21lZGl4LmNvbS5iclwvd3AtY29udGVudFwvdXBsb2Fkc1wvMjAyNVwvMDlcL0dldHR5SW1hZ2VzLTE1OTI3MDEwNTMtMTA2OHg3MTItMS5qcGciLCJzbGlkZXNob3ciOiJmZjQ4MmY5In0%3D\">\n\t\t\t\t\t<div class=\"e-gallery-image elementor-gallery-item__image\" data-thumbnail=\"https:\/\/indomedix.com.br\/wp-content\/uploads\/2025\/09\/GettyImages-1592701053-1068x712-1.jpg\" data-width=\"1068\" data-height=\"712\" aria-label=\"\" role=\"img\" ><\/div>\n\t\t\t\t\t\t\t\t\t\t\t\t\t\t<\/a>\n\t\t\t\t\t\t\t<a class=\"e-gallery-item elementor-gallery-item elementor-animated-content\" href=\"https:\/\/indomedix.com.br\/wp-content\/uploads\/2025\/09\/download-1.jpeg\" data-elementor-open-lightbox=\"yes\" data-elementor-lightbox-slideshow=\"ff482f9\" data-elementor-lightbox-title=\"download (1)\" data-e-action-hash=\"#elementor-action%3Aaction%3Dlightbox%26settings%3DeyJpZCI6ODM2LCJ1cmwiOiJodHRwczpcL1wvaW5kb21lZGl4LmNvbS5iclwvd3AtY29udGVudFwvdXBsb2Fkc1wvMjAyNVwvMDlcL2Rvd25sb2FkLTEuanBlZyIsInNsaWRlc2hvdyI6ImZmNDgyZjkifQ%3D%3D\">\n\t\t\t\t\t<div class=\"e-gallery-image elementor-gallery-item__image\" data-thumbnail=\"https:\/\/indomedix.com.br\/wp-content\/uploads\/2025\/09\/download-1.jpeg\" data-width=\"599\" data-height=\"399\" aria-label=\"\" role=\"img\" ><\/div>\n\t\t\t\t\t\t\t\t\t\t\t\t\t\t<\/a>\n\t\t\t\t\t<\/div>\n\t\t\t\t\t<\/div>\n\t\t\t\t<\/div>\n\t\t<div class=\"elementor-element elementor-element-7d6733c e-con-full e-flex e-con e-child\" data-id=\"7d6733c\" data-element_type=\"container\" data-settings=\"{&quot;ekit_has_onepagescroll_dot&quot;:&quot;yes&quot;}\">\n\t\t\t\t<div class=\"elementor-element elementor-element-b9660f1 elementor-widget elementor-widget-text-editor\" data-id=\"b9660f1\" data-element_type=\"widget\" data-settings=\"{&quot;ekit_we_effect_on&quot;:&quot;none&quot;}\" data-widget_type=\"text-editor.default\">\n\t\t\t\t\t\t\t\t\t<p>A \u00e1rea m\u00e9dica conhecida como anestesiologia, ou anestesia, est\u00e1 relacionada ao gerenciamento completo dos pacientes antes, durante e ap\u00f3s os procedimentos cir\u00fargicos. Essa especialidade da medicina inclui a administra\u00e7\u00e3o de anestesia, medicina de emerg\u00eancia cr\u00edtica, medicina de terapia intensiva e medicina da dor. No INDOMEDIX, o Departamento de Anestesiologia oferece cuidados pr\u00e9-operat\u00f3rios e auxilia os pacientes proporcionando al\u00edvio da dor durante as cirurgias, sejam elas minimamente invasivas ou procedimentos abertos complexos. O departamento trabalha em estreita colabora\u00e7\u00e3o com outras unidades m\u00e9dicas e oferece uma variedade de servi\u00e7os, como anestesia geral, anestesia local, medicina da dor, medicina intensiva e atendimento de emerg\u00eancia cr\u00edtica.<\/p>\t\t\t\t\t\t\t\t<\/div>\n\t\t\t\t<\/div>\n\t\t\t\t\t<\/div>\n\t\t\t\t<\/div>\n\t\t<div class=\"elementor-element elementor-element-977f00f e-flex e-con-boxed e-con e-parent\" data-id=\"977f00f\" data-element_type=\"container\" data-settings=\"{&quot;background_background&quot;:&quot;classic&quot;,&quot;ekit_has_onepagescroll_dot&quot;:&quot;yes&quot;}\">\n\t\t\t\t\t<div class=\"e-con-inner\">\n\t\t\t\t<div class=\"elementor-element elementor-element-1129276 elementor-widget elementor-widget-text-editor\" data-id=\"1129276\" data-element_type=\"widget\" data-settings=\"{&quot;ekit_we_effect_on&quot;:&quot;none&quot;}\" data-widget_type=\"text-editor.default\">\n\t\t\t\t\t\t\t\t\t<ul><li data-start=\"143\" data-end=\"277\"><p data-start=\"146\" data-end=\"167\"><strong data-start=\"146\" data-end=\"165\">Anestesia Geral<\/strong><\/p><ul data-start=\"171\" data-end=\"277\"><li data-start=\"171\" data-end=\"214\"><p data-start=\"173\" data-end=\"214\">Utilizada em cirurgias de grande porte.<\/p><\/li><li data-start=\"218\" data-end=\"277\"><p data-start=\"220\" data-end=\"277\">O paciente permanece totalmente inconsciente e sem dor.<\/p><\/li><\/ul><\/li><li data-start=\"279\" data-end=\"436\"><p data-start=\"282\" data-end=\"306\"><strong data-start=\"282\" data-end=\"304\">Anestesia Regional<\/strong><\/p><ul data-start=\"310\" data-end=\"436\"><li data-start=\"310\" data-end=\"373\"><p data-start=\"312\" data-end=\"373\">Bloqueia a sensibilidade em uma regi\u00e3o espec\u00edfica do corpo.<\/p><\/li><li data-start=\"377\" data-end=\"436\"><p data-start=\"379\" data-end=\"436\">Inclui raquianestesia, peridural e bloqueios de nervos.<\/p><\/li><\/ul><\/li><li data-start=\"438\" data-end=\"604\"><p data-start=\"441\" data-end=\"462\"><strong data-start=\"441\" data-end=\"460\">Anestesia Local<\/strong><\/p><ul data-start=\"466\" data-end=\"604\"><li data-start=\"466\" data-end=\"524\"><p data-start=\"468\" data-end=\"524\">Anestesia apenas uma pequena \u00e1rea espec\u00edfica do corpo.<\/p><\/li><li data-start=\"528\" data-end=\"604\"><p data-start=\"530\" data-end=\"604\">Comumente utilizada em procedimentos cir\u00fargicos ou diagn\u00f3sticos menores.<\/p><\/li><\/ul><\/li><li data-start=\"606\" data-end=\"836\"><p data-start=\"609\" data-end=\"668\"><strong data-start=\"609\" data-end=\"666\">Seda\u00e7\u00e3o (Seda\u00e7\u00e3o Consciente \/ Anestesia Monitorizada)<\/strong><\/p><ul data-start=\"672\" data-end=\"836\"><li data-start=\"672\" data-end=\"734\"><p data-start=\"674\" data-end=\"734\">O paciente permanece relaxado e sonolento, mas consciente.<\/p><\/li><li data-start=\"738\" data-end=\"836\"><p data-start=\"740\" data-end=\"836\">Frequentemente utilizada em endoscopias, procedimentos odontol\u00f3gicos ou ambulatoriais simples.<\/p><\/li><\/ul><\/li><li data-start=\"838\" data-end=\"996\"><p data-start=\"841\" data-end=\"862\"><strong data-start=\"841\" data-end=\"860\">Controle da Dor<\/strong><\/p><ul data-start=\"866\" data-end=\"996\"><li data-start=\"866\" data-end=\"911\"><p data-start=\"868\" data-end=\"911\">Tratamentos para dores agudas e cr\u00f4nicas.<\/p><\/li><li data-start=\"915\" data-end=\"996\"><p data-start=\"917\" data-end=\"996\">Inclui inje\u00e7\u00f5es, bloqueios de nervos e terapias avan\u00e7adas para al\u00edvio da dor.<\/p><\/li><\/ul><\/li><li data-start=\"998\" data-end=\"1134\"><p data-start=\"1001\" data-end=\"1050\"><strong data-start=\"1001\" data-end=\"1048\">Cuidados Cr\u00edticos e Anestesia de Emerg\u00eancia<\/strong><\/p><ul data-start=\"1054\" data-end=\"1134\"><li data-start=\"1054\" data-end=\"1134\"><p data-start=\"1056\" data-end=\"1134\">Servi\u00e7os anest\u00e9sicos de suporte \u00e0 vida em UTIs e em cirurgias de emerg\u00eancia.<\/p><\/li><\/ul><\/li><li data-start=\"1136\" data-end=\"1236\"><p data-start=\"1139\" data-end=\"1165\"><strong data-start=\"1139\" data-end=\"1163\">Anestesia Obst\u00e9trica<\/strong><\/p><ul data-start=\"1169\" data-end=\"1236\"><li data-start=\"1169\" data-end=\"1236\"><p data-start=\"1171\" data-end=\"1236\">Al\u00edvio da dor durante o parto (ex.: peridural, raquianestesia).<\/p><\/li><\/ul><\/li><li data-start=\"1238\" data-end=\"1366\"><p data-start=\"1241\" data-end=\"1267\"><strong data-start=\"1241\" data-end=\"1265\">Anestesia Pedi\u00e1trica<\/strong><\/p><ul data-start=\"1271\" data-end=\"1366\"><li data-start=\"1271\" data-end=\"1366\"><p data-start=\"1273\" data-end=\"1366\">Cuidados especializados para beb\u00eas e crian\u00e7as que necessitam de cirurgias ou procedimentos.<\/p><\/li><\/ul><\/li><li data-start=\"1368\" data-end=\"1495\"><p data-start=\"1371\" data-end=\"1413\"><strong data-start=\"1371\" data-end=\"1411\">Anestesia Card\u00edaca e Neuro-Anestesia<\/strong><\/p><ul data-start=\"1417\" data-end=\"1495\"><li data-start=\"1417\" data-end=\"1495\"><p data-start=\"1419\" data-end=\"1495\">Anestesia altamente especializada para cirurgias card\u00edacas e neurol\u00f3gicas.<\/p><\/li><\/ul><\/li><\/ul>\t\t\t\t\t\t\t\t<\/div>\n\t\t\t\t\t<\/div>\n\t\t\t\t<\/div>\n\t\t\t\t<\/div>\n\t\t\n    <div class=\"xs_social_share_widget xs_share_url after_content \t\tmain_content  wslu-style-1 wslu-share-box-shaped wslu-fill-colored wslu-none wslu-share-horizontal wslu-theme-font-no wslu-main_content\">\n\n\t\t\n        <ul>\n\t\t\t        <\/ul>\n    <\/div> \n","protected":false},"excerpt":{"rendered":"<p>Anestesiologia A \u00e1rea m\u00e9dica conhecida como anestesiologia, ou anestesia, est\u00e1 relacionada ao gerenciamento completo dos pacientes antes, durante e ap\u00f3s os procedimentos cir\u00fargicos. Essa especialidade da medicina inclui a administra\u00e7\u00e3o de anestesia, medicina de emerg\u00eancia cr\u00edtica, medicina de terapia intensiva e medicina da dor. No INDOMEDIX, o Departamento de Anestesiologia oferece cuidados pr\u00e9-operat\u00f3rios e auxilia [&hellip;]<\/p>\n","protected":false},"author":1,"featured_media":0,"parent":0,"menu_order":0,"comment_status":"closed","ping_status":"closed","template":"elementor_header_footer","meta":{"postBodyCss":"","postBodyMargin":[],"postBodyPadding":[],"postBodyBackground":{"backgroundType":"classic","gradient":""},"footnotes":""},"class_list":["post-372","page","type-page","status-publish","hentry"],"_links":{"self":[{"href":"https:\/\/indomedix.com.br\/index.php?rest_route=\/wp\/v2\/pages\/372","targetHints":{"allow":["GET"]}}],"collection":[{"href":"https:\/\/indomedix.com.br\/index.php?rest_route=\/wp\/v2\/pages"}],"about":[{"href":"https:\/\/indomedix.com.br\/index.php?rest_route=\/wp\/v2\/types\/page"}],"author":[{"embeddable":true,"href":"https:\/\/indomedix.com.br\/index.php?rest_route=\/wp\/v2\/users\/1"}],"replies":[{"embeddable":true,"href":"https:\/\/indomedix.com.br\/index.php?rest_route=%2Fwp%2Fv2%2Fcomments&post=372"}],"version-history":[{"count":13,"href":"https:\/\/indomedix.com.br\/index.php?rest_route=\/wp\/v2\/pages\/372\/revisions"}],"predecessor-version":[{"id":839,"href":"https:\/\/indomedix.com.br\/index.php?rest_route=\/wp\/v2\/pages\/372\/revisions\/839"}],"wp:attachment":[{"href":"https:\/\/indomedix.com.br\/index.php?rest_route=%2Fwp%2Fv2%2Fmedia&parent=372"}],"curies":[{"name":"wp","href":"https:\/\/api.w.org\/{rel}","templated":true}]}}