{"id":376,"date":"2025-09-16T19:12:33","date_gmt":"2025-09-16T19:12:33","guid":{"rendered":"http:\/\/139.59.77.15\/~indomedi\/?page_id=376"},"modified":"2025-09-19T09:07:26","modified_gmt":"2025-09-19T09:07:26","slug":"icu-critical-care","status":"publish","type":"page","link":"https:\/\/indomedix.com.br\/?page_id=376","title":{"rendered":"ICU &#038; Critical Care"},"content":{"rendered":"\t\t<div data-elementor-type=\"wp-page\" data-elementor-id=\"376\" class=\"elementor elementor-376\" data-elementor-settings=\"{&quot;element_pack_global_tooltip_width&quot;:{&quot;unit&quot;:&quot;px&quot;,&quot;size&quot;:&quot;&quot;,&quot;sizes&quot;:[]},&quot;element_pack_global_tooltip_width_tablet&quot;:{&quot;unit&quot;:&quot;px&quot;,&quot;size&quot;:&quot;&quot;,&quot;sizes&quot;:[]},&quot;element_pack_global_tooltip_width_mobile&quot;:{&quot;unit&quot;:&quot;px&quot;,&quot;size&quot;:&quot;&quot;,&quot;sizes&quot;:[]},&quot;element_pack_global_tooltip_padding&quot;:{&quot;unit&quot;:&quot;px&quot;,&quot;top&quot;:&quot;&quot;,&quot;right&quot;:&quot;&quot;,&quot;bottom&quot;:&quot;&quot;,&quot;left&quot;:&quot;&quot;,&quot;isLinked&quot;:true},&quot;element_pack_global_tooltip_padding_tablet&quot;:{&quot;unit&quot;:&quot;px&quot;,&quot;top&quot;:&quot;&quot;,&quot;right&quot;:&quot;&quot;,&quot;bottom&quot;:&quot;&quot;,&quot;left&quot;:&quot;&quot;,&quot;isLinked&quot;:true},&quot;element_pack_global_tooltip_padding_mobile&quot;:{&quot;unit&quot;:&quot;px&quot;,&quot;top&quot;:&quot;&quot;,&quot;right&quot;:&quot;&quot;,&quot;bottom&quot;:&quot;&quot;,&quot;left&quot;:&quot;&quot;,&quot;isLinked&quot;:true},&quot;element_pack_global_tooltip_border_radius&quot;:{&quot;unit&quot;:&quot;px&quot;,&quot;top&quot;:&quot;&quot;,&quot;right&quot;:&quot;&quot;,&quot;bottom&quot;:&quot;&quot;,&quot;left&quot;:&quot;&quot;,&quot;isLinked&quot;:true},&quot;element_pack_global_tooltip_border_radius_tablet&quot;:{&quot;unit&quot;:&quot;px&quot;,&quot;top&quot;:&quot;&quot;,&quot;right&quot;:&quot;&quot;,&quot;bottom&quot;:&quot;&quot;,&quot;left&quot;:&quot;&quot;,&quot;isLinked&quot;:true},&quot;element_pack_global_tooltip_border_radius_mobile&quot;:{&quot;unit&quot;:&quot;px&quot;,&quot;top&quot;:&quot;&quot;,&quot;right&quot;:&quot;&quot;,&quot;bottom&quot;:&quot;&quot;,&quot;left&quot;:&quot;&quot;,&quot;isLinked&quot;:true}}\" data-elementor-post-type=\"page\">\n\t\t\t\t\t\t<section class=\"elementor-section elementor-top-section elementor-element elementor-element-f6de638 elementor-section-boxed elementor-section-height-default elementor-section-height-default\" data-id=\"f6de638\" data-element_type=\"section\" data-settings=\"{&quot;ekit_has_onepagescroll_dot&quot;:&quot;yes&quot;}\">\n\t\t\t\t\t\t\t<div class=\"elementor-background-overlay\"><\/div>\n\t\t\t\t\t\t\t<div class=\"elementor-container elementor-column-gap-default\">\n\t\t\t\t\t<div class=\"elementor-column elementor-col-100 elementor-top-column elementor-element elementor-element-17f0987\" data-id=\"17f0987\" data-element_type=\"column\">\n\t\t\t<div class=\"elementor-widget-wrap elementor-element-populated\">\n\t\t\t\t\t\t<div class=\"elementor-element elementor-element-ed33ee1 elementor-widget elementor-widget-heading\" data-id=\"ed33ee1\" data-element_type=\"widget\" data-settings=\"{&quot;ekit_we_effect_on&quot;:&quot;none&quot;}\" data-widget_type=\"heading.default\">\n\t\t\t\t\t<h2 class=\"elementor-heading-title elementor-size-default\">UTI e Cuidados Cr\u00edticos<\/h2>\t\t\t\t<\/div>\n\t\t\t\t\t<\/div>\n\t\t<\/div>\n\t\t\t\t\t<\/div>\n\t\t<\/section>\n\t\t<div class=\"elementor-element elementor-element-c19f247 e-flex e-con-boxed e-con e-parent\" data-id=\"c19f247\" data-element_type=\"container\" data-settings=\"{&quot;background_background&quot;:&quot;classic&quot;,&quot;ekit_has_onepagescroll_dot&quot;:&quot;yes&quot;}\">\n\t\t\t\t\t<div class=\"e-con-inner\">\n\t\t<div class=\"elementor-element elementor-element-099669b e-con-full e-flex e-con e-child\" data-id=\"099669b\" data-element_type=\"container\" data-settings=\"{&quot;ekit_has_onepagescroll_dot&quot;:&quot;yes&quot;}\">\n\t\t\t\t<div class=\"elementor-element elementor-element-75868bf elementor-widget elementor-widget-gallery\" data-id=\"75868bf\" data-element_type=\"widget\" data-settings=\"{&quot;gallery_layout&quot;:&quot;justified&quot;,&quot;ideal_row_height&quot;:{&quot;unit&quot;:&quot;px&quot;,&quot;size&quot;:193,&quot;sizes&quot;:[]},&quot;lazyload&quot;:&quot;yes&quot;,&quot;ideal_row_height_tablet&quot;:{&quot;unit&quot;:&quot;px&quot;,&quot;size&quot;:150,&quot;sizes&quot;:[]},&quot;ideal_row_height_mobile&quot;:{&quot;unit&quot;:&quot;px&quot;,&quot;size&quot;:150,&quot;sizes&quot;:[]},&quot;gap&quot;:{&quot;unit&quot;:&quot;px&quot;,&quot;size&quot;:10,&quot;sizes&quot;:[]},&quot;gap_tablet&quot;:{&quot;unit&quot;:&quot;px&quot;,&quot;size&quot;:10,&quot;sizes&quot;:[]},&quot;gap_mobile&quot;:{&quot;unit&quot;:&quot;px&quot;,&quot;size&quot;:10,&quot;sizes&quot;:[]},&quot;link_to&quot;:&quot;file&quot;,&quot;content_hover_animation&quot;:&quot;fade-in&quot;,&quot;ekit_we_effect_on&quot;:&quot;none&quot;}\" data-widget_type=\"gallery.default\">\n\t\t\t\t\t\t\t<div class=\"elementor-gallery__container\">\n\t\t\t\t\t\t\t<a class=\"e-gallery-item elementor-gallery-item elementor-animated-content\" href=\"https:\/\/indomedix.com.br\/wp-content\/uploads\/2025\/09\/a3273006-8fa3-4d05-853a-a861160abffc.jpg\" data-elementor-open-lightbox=\"yes\" data-elementor-lightbox-slideshow=\"75868bf\" data-elementor-lightbox-title=\"a3273006-8fa3-4d05-853a-a861160abffc\" data-e-action-hash=\"#elementor-action%3Aaction%3Dlightbox%26settings%3DeyJpZCI6ODEzLCJ1cmwiOiJodHRwczpcL1wvaW5kb21lZGl4LmNvbS5iclwvd3AtY29udGVudFwvdXBsb2Fkc1wvMjAyNVwvMDlcL2EzMjczMDA2LThmYTMtNGQwNS04NTNhLWE4NjExNjBhYmZmYy5qcGciLCJzbGlkZXNob3ciOiI3NTg2OGJmIn0%3D\">\n\t\t\t\t\t<div class=\"e-gallery-image elementor-gallery-item__image\" data-thumbnail=\"https:\/\/indomedix.com.br\/wp-content\/uploads\/2025\/09\/a3273006-8fa3-4d05-853a-a861160abffc.jpg\" data-width=\"1000\" data-height=\"666\" aria-label=\"\" role=\"img\" ><\/div>\n\t\t\t\t\t\t\t\t\t\t\t\t\t\t<\/a>\n\t\t\t\t\t\t\t<a class=\"e-gallery-item elementor-gallery-item elementor-animated-content\" href=\"https:\/\/indomedix.com.br\/wp-content\/uploads\/2025\/09\/92061102_PA-Sao-PauloSP17-03-2021-Aumento-nos-casos-de-Covid-19UTI-do-Hospital-de-Campanha-1024x615-1.jpg\" data-elementor-open-lightbox=\"yes\" data-elementor-lightbox-slideshow=\"75868bf\" data-elementor-lightbox-title=\"92061102_PA-Sao-PauloSP17-03-2021-Aumento-nos-casos-de-Covid-19UTI-do-Hospital-de-Campanha-1024x615\" data-e-action-hash=\"#elementor-action%3Aaction%3Dlightbox%26settings%3DeyJpZCI6ODE0LCJ1cmwiOiJodHRwczpcL1wvaW5kb21lZGl4LmNvbS5iclwvd3AtY29udGVudFwvdXBsb2Fkc1wvMjAyNVwvMDlcLzkyMDYxMTAyX1BBLVNhby1QYXVsb1NQMTctMDMtMjAyMS1BdW1lbnRvLW5vcy1jYXNvcy1kZS1Db3ZpZC0xOVVUSS1kby1Ib3NwaXRhbC1kZS1DYW1wYW5oYS0xMDI0eDYxNS0xLmpwZyIsInNsaWRlc2hvdyI6Ijc1ODY4YmYifQ%3D%3D\">\n\t\t\t\t\t<div class=\"e-gallery-image elementor-gallery-item__image\" data-thumbnail=\"https:\/\/indomedix.com.br\/wp-content\/uploads\/2025\/09\/92061102_PA-Sao-PauloSP17-03-2021-Aumento-nos-casos-de-Covid-19UTI-do-Hospital-de-Campanha-1024x615-1.jpg\" data-width=\"1024\" data-height=\"615\" aria-label=\"\" role=\"img\" ><\/div>\n\t\t\t\t\t\t\t\t\t\t\t\t\t\t<\/a>\n\t\t\t\t\t\t\t<a class=\"e-gallery-item elementor-gallery-item elementor-animated-content\" href=\"https:\/\/indomedix.com.br\/wp-content\/uploads\/2025\/09\/Cuidado-nutricional-do-paciente-critico-novosite.jpg.webp\" data-elementor-open-lightbox=\"yes\" data-elementor-lightbox-slideshow=\"75868bf\" data-elementor-lightbox-title=\"Cuidado-nutricional-do-paciente-critico-novosite.jpg\" data-e-action-hash=\"#elementor-action%3Aaction%3Dlightbox%26settings%3DeyJpZCI6ODE1LCJ1cmwiOiJodHRwczpcL1wvaW5kb21lZGl4LmNvbS5iclwvd3AtY29udGVudFwvdXBsb2Fkc1wvMjAyNVwvMDlcL0N1aWRhZG8tbnV0cmljaW9uYWwtZG8tcGFjaWVudGUtY3JpdGljby1ub3Zvc2l0ZS5qcGcud2VicCIsInNsaWRlc2hvdyI6Ijc1ODY4YmYifQ%3D%3D\">\n\t\t\t\t\t<div class=\"e-gallery-image elementor-gallery-item__image\" data-thumbnail=\"https:\/\/indomedix.com.br\/wp-content\/uploads\/2025\/09\/Cuidado-nutricional-do-paciente-critico-novosite.jpg.webp\" data-width=\"1140\" data-height=\"502\" aria-label=\"\" role=\"img\" ><\/div>\n\t\t\t\t\t\t\t\t\t\t\t\t\t\t<\/a>\n\t\t\t\t\t\t\t<a class=\"e-gallery-item elementor-gallery-item elementor-animated-content\" href=\"https:\/\/indomedix.com.br\/wp-content\/uploads\/2025\/09\/post_thumbnail-47efc01804efc30f5d8bbfb5c333047c.jpeg\" data-elementor-open-lightbox=\"yes\" data-elementor-lightbox-slideshow=\"75868bf\" data-elementor-lightbox-title=\"post_thumbnail-47efc01804efc30f5d8bbfb5c333047c\" data-e-action-hash=\"#elementor-action%3Aaction%3Dlightbox%26settings%3DeyJpZCI6ODE2LCJ1cmwiOiJodHRwczpcL1wvaW5kb21lZGl4LmNvbS5iclwvd3AtY29udGVudFwvdXBsb2Fkc1wvMjAyNVwvMDlcL3Bvc3RfdGh1bWJuYWlsLTQ3ZWZjMDE4MDRlZmMzMGY1ZDhiYmZiNWMzMzMwNDdjLmpwZWciLCJzbGlkZXNob3ciOiI3NTg2OGJmIn0%3D\">\n\t\t\t\t\t<div class=\"e-gallery-image elementor-gallery-item__image\" data-thumbnail=\"https:\/\/indomedix.com.br\/wp-content\/uploads\/2025\/09\/post_thumbnail-47efc01804efc30f5d8bbfb5c333047c.jpeg\" data-width=\"2121\" data-height=\"1414\" aria-label=\"\" role=\"img\" ><\/div>\n\t\t\t\t\t\t\t\t\t\t\t\t\t\t<\/a>\n\t\t\t\t\t\t\t<a class=\"e-gallery-item elementor-gallery-item elementor-animated-content\" href=\"https:\/\/indomedix.com.br\/wp-content\/uploads\/2025\/09\/cuidados-de-enfermagem-com-pacientes-criticos-em-UTI.png\" data-elementor-open-lightbox=\"yes\" data-elementor-lightbox-slideshow=\"75868bf\" data-elementor-lightbox-title=\"cuidados-de-enfermagem-com-pacientes-criticos-em-UTI\" data-e-action-hash=\"#elementor-action%3Aaction%3Dlightbox%26settings%3DeyJpZCI6ODE3LCJ1cmwiOiJodHRwczpcL1wvaW5kb21lZGl4LmNvbS5iclwvd3AtY29udGVudFwvdXBsb2Fkc1wvMjAyNVwvMDlcL2N1aWRhZG9zLWRlLWVuZmVybWFnZW0tY29tLXBhY2llbnRlcy1jcml0aWNvcy1lbS1VVEkucG5nIiwic2xpZGVzaG93IjoiNzU4NjhiZiJ9\">\n\t\t\t\t\t<div class=\"e-gallery-image elementor-gallery-item__image\" data-thumbnail=\"https:\/\/indomedix.com.br\/wp-content\/uploads\/2025\/09\/cuidados-de-enfermagem-com-pacientes-criticos-em-UTI.png\" data-width=\"800\" data-height=\"600\" aria-label=\"\" role=\"img\" ><\/div>\n\t\t\t\t\t\t\t\t\t\t\t\t\t\t<\/a>\n\t\t\t\t\t<\/div>\n\t\t\t\t\t<\/div>\n\t\t\t\t<\/div>\n\t\t<div class=\"elementor-element elementor-element-c4e14ad e-con-full e-flex e-con e-child\" data-id=\"c4e14ad\" data-element_type=\"container\" data-settings=\"{&quot;ekit_has_onepagescroll_dot&quot;:&quot;yes&quot;}\">\n\t\t\t\t<div class=\"elementor-element elementor-element-f7906d2 elementor-widget elementor-widget-text-editor\" data-id=\"f7906d2\" data-element_type=\"widget\" data-settings=\"{&quot;ekit_we_effect_on&quot;:&quot;none&quot;}\" data-widget_type=\"text-editor.default\">\n\t\t\t\t\t\t\t\t\t<p data-start=\"42\" data-end=\"502\">Para aqueles que necessitam de cuidados que salvam vidas, a Unidade de Terapia Intensiva (UTI) e o Departamento de Cuidados Cr\u00edticos do INDOMEDIX s\u00e3o um raio de esperan\u00e7a. Os pacientes podem ter confian\u00e7a de que seu bem-estar \u00e9 priorizado e de que est\u00e3o em m\u00e3os capazes durante seu per\u00edodo em cuidados cr\u00edticos, gra\u00e7as a uma equipe altamente qualificada e dedicada, a um ambiente est\u00e9ril e a dezenas de especialistas dispon\u00edveis para auxiliar em emerg\u00eancias.<\/p><p data-start=\"504\" data-end=\"898\" data-is-last-node=\"\" data-is-only-node=\"\">Os pacientes nesse departamento recebem cuidados incompar\u00e1veis e s\u00e3o constantemente monitorados em um ambiente limpo e livre de infec\u00e7\u00f5es. O bem-estar e a seguran\u00e7a dos pacientes em situa\u00e7\u00f5es de emerg\u00eancia s\u00e3o prioridades m\u00e1ximas para m\u00e9dicos altamente qualificados, enfermeiros especializados, terapeutas respirat\u00f3rios, profissionais de aconselhamento e uma equipe de especialistas de plant\u00e3o.<\/p>\t\t\t\t\t\t\t\t<\/div>\n\t\t\t\t<\/div>\n\t\t\t\t\t<\/div>\n\t\t\t\t<\/div>\n\t\t<div class=\"elementor-element elementor-element-e8045b5 e-flex e-con-boxed e-con e-parent\" data-id=\"e8045b5\" data-element_type=\"container\" data-settings=\"{&quot;background_background&quot;:&quot;classic&quot;,&quot;ekit_has_onepagescroll_dot&quot;:&quot;yes&quot;}\">\n\t\t\t\t\t<div class=\"e-con-inner\">\n\t\t\t\t<div class=\"elementor-element elementor-element-21e9630 elementor-widget elementor-widget-text-editor\" data-id=\"21e9630\" data-element_type=\"widget\" data-settings=\"{&quot;ekit_we_effect_on&quot;:&quot;none&quot;}\" data-widget_type=\"text-editor.default\">\n\t\t\t\t\t\t\t\t\t<p data-start=\"0\" data-end=\"101\">Aqui est\u00e1 uma lista de todos os tratamentos e servi\u00e7os de UTI e Cuidados Cr\u00edticos em portugu\u00eas:<\/p><ul data-start=\"103\" data-end=\"935\"><li data-start=\"103\" data-end=\"154\"><p data-start=\"105\" data-end=\"154\">Suporte ventilat\u00f3rio e respira\u00e7\u00e3o assistida<\/p><\/li><li data-start=\"155\" data-end=\"202\"><p data-start=\"157\" data-end=\"202\">Monitoramento cont\u00ednuo de sinais vitais<\/p><\/li><li data-start=\"203\" data-end=\"261\"><p data-start=\"205\" data-end=\"261\">Cuidados avan\u00e7ados para insufici\u00eancia respirat\u00f3ria<\/p><\/li><li data-start=\"262\" data-end=\"305\"><p data-start=\"264\" data-end=\"305\">Suporte circulat\u00f3rio e hemodin\u00e2mico<\/p><\/li><li data-start=\"306\" data-end=\"363\"><p data-start=\"308\" data-end=\"363\">Controle rigoroso de infec\u00e7\u00f5es e ambiente est\u00e9ril<\/p><\/li><li data-start=\"364\" data-end=\"431\"><p data-start=\"366\" data-end=\"431\">Administra\u00e7\u00e3o de medicamentos cr\u00edticos e infus\u00f5es cont\u00ednuas<\/p><\/li><li data-start=\"432\" data-end=\"473\"><p data-start=\"434\" data-end=\"473\">Suporte nutricional especializado<\/p><\/li><li data-start=\"474\" data-end=\"532\"><p data-start=\"476\" data-end=\"532\">Tratamento de choque s\u00e9ptico e choque cardiog\u00eanico<\/p><\/li><li data-start=\"533\" data-end=\"576\"><p data-start=\"535\" data-end=\"576\">Cuidados p\u00f3s-operat\u00f3rios intensivos<\/p><\/li><li data-start=\"577\" data-end=\"635\"><p data-start=\"579\" data-end=\"635\">Suporte renal e di\u00e1lise cont\u00ednua quando necess\u00e1rio<\/p><\/li><li data-start=\"636\" data-end=\"679\"><p data-start=\"638\" data-end=\"679\">Monitoramento neurol\u00f3gico intensivo<\/p><\/li><li data-start=\"680\" data-end=\"730\"><p data-start=\"682\" data-end=\"730\">Reabilita\u00e7\u00e3o inicial de pacientes cr\u00edticos<\/p><\/li><li data-start=\"731\" data-end=\"785\"><p data-start=\"733\" data-end=\"785\">Suporte avan\u00e7ado em emerg\u00eancias m\u00e9dicas graves<\/p><\/li><li data-start=\"786\" data-end=\"935\"><p data-start=\"788\" data-end=\"935\">Equipe multidisciplinar 24 horas (m\u00e9dicos, enfermeiros, fisioterapeutas, terapeutas respirat\u00f3rios, nutricionistas e especialistas de plant\u00e3o)<\/p><\/li><\/ul>\t\t\t\t\t\t\t\t<\/div>\n\t\t\t\t\t<\/div>\n\t\t\t\t<\/div>\n\t\t\t\t<\/div>\n\t\t\n    <div class=\"xs_social_share_widget xs_share_url after_content \t\tmain_content  wslu-style-1 wslu-share-box-shaped wslu-fill-colored wslu-none wslu-share-horizontal wslu-theme-font-no wslu-main_content\">\n\n\t\t\n        <ul>\n\t\t\t        <\/ul>\n    <\/div> \n","protected":false},"excerpt":{"rendered":"<p>UTI e Cuidados Cr\u00edticos Para aqueles que necessitam de cuidados que salvam vidas, a Unidade de Terapia Intensiva (UTI) e o Departamento de Cuidados Cr\u00edticos do INDOMEDIX s\u00e3o um raio de esperan\u00e7a. Os pacientes podem ter confian\u00e7a de que seu bem-estar \u00e9 priorizado e de que est\u00e3o em m\u00e3os capazes durante seu per\u00edodo em cuidados [&hellip;]<\/p>\n","protected":false},"author":1,"featured_media":0,"parent":0,"menu_order":0,"comment_status":"closed","ping_status":"closed","template":"elementor_header_footer","meta":{"postBodyCss":"","postBodyMargin":[],"postBodyPadding":[],"postBodyBackground":{"backgroundType":"classic","gradient":""},"footnotes":""},"class_list":["post-376","page","type-page","status-publish","hentry"],"_links":{"self":[{"href":"https:\/\/indomedix.com.br\/index.php?rest_route=\/wp\/v2\/pages\/376","targetHints":{"allow":["GET"]}}],"collection":[{"href":"https:\/\/indomedix.com.br\/index.php?rest_route=\/wp\/v2\/pages"}],"about":[{"href":"https:\/\/indomedix.com.br\/index.php?rest_route=\/wp\/v2\/types\/page"}],"author":[{"embeddable":true,"href":"https:\/\/indomedix.com.br\/index.php?rest_route=\/wp\/v2\/users\/1"}],"replies":[{"embeddable":true,"href":"https:\/\/indomedix.com.br\/index.php?rest_route=%2Fwp%2Fv2%2Fcomments&post=376"}],"version-history":[{"count":15,"href":"https:\/\/indomedix.com.br\/index.php?rest_route=\/wp\/v2\/pages\/376\/revisions"}],"predecessor-version":[{"id":820,"href":"https:\/\/indomedix.com.br\/index.php?rest_route=\/wp\/v2\/pages\/376\/revisions\/820"}],"wp:attachment":[{"href":"https:\/\/indomedix.com.br\/index.php?rest_route=%2Fwp%2Fv2%2Fmedia&parent=376"}],"curies":[{"name":"wp","href":"https:\/\/api.w.org\/{rel}","templated":true}]}}