{"id":384,"date":"2025-09-16T19:13:42","date_gmt":"2025-09-16T19:13:42","guid":{"rendered":"http:\/\/139.59.77.15\/~indomedi\/?page_id=384"},"modified":"2025-09-19T12:03:38","modified_gmt":"2025-09-19T12:03:38","slug":"gastroenterology","status":"publish","type":"page","link":"https:\/\/indomedix.com.br\/?page_id=384","title":{"rendered":"Gastroenterology"},"content":{"rendered":"\t\t<div data-elementor-type=\"wp-page\" data-elementor-id=\"384\" class=\"elementor elementor-384\" data-elementor-settings=\"{&quot;element_pack_global_tooltip_width&quot;:{&quot;unit&quot;:&quot;px&quot;,&quot;size&quot;:&quot;&quot;,&quot;sizes&quot;:[]},&quot;element_pack_global_tooltip_width_tablet&quot;:{&quot;unit&quot;:&quot;px&quot;,&quot;size&quot;:&quot;&quot;,&quot;sizes&quot;:[]},&quot;element_pack_global_tooltip_width_mobile&quot;:{&quot;unit&quot;:&quot;px&quot;,&quot;size&quot;:&quot;&quot;,&quot;sizes&quot;:[]},&quot;element_pack_global_tooltip_padding&quot;:{&quot;unit&quot;:&quot;px&quot;,&quot;top&quot;:&quot;&quot;,&quot;right&quot;:&quot;&quot;,&quot;bottom&quot;:&quot;&quot;,&quot;left&quot;:&quot;&quot;,&quot;isLinked&quot;:true},&quot;element_pack_global_tooltip_padding_tablet&quot;:{&quot;unit&quot;:&quot;px&quot;,&quot;top&quot;:&quot;&quot;,&quot;right&quot;:&quot;&quot;,&quot;bottom&quot;:&quot;&quot;,&quot;left&quot;:&quot;&quot;,&quot;isLinked&quot;:true},&quot;element_pack_global_tooltip_padding_mobile&quot;:{&quot;unit&quot;:&quot;px&quot;,&quot;top&quot;:&quot;&quot;,&quot;right&quot;:&quot;&quot;,&quot;bottom&quot;:&quot;&quot;,&quot;left&quot;:&quot;&quot;,&quot;isLinked&quot;:true},&quot;element_pack_global_tooltip_border_radius&quot;:{&quot;unit&quot;:&quot;px&quot;,&quot;top&quot;:&quot;&quot;,&quot;right&quot;:&quot;&quot;,&quot;bottom&quot;:&quot;&quot;,&quot;left&quot;:&quot;&quot;,&quot;isLinked&quot;:true},&quot;element_pack_global_tooltip_border_radius_tablet&quot;:{&quot;unit&quot;:&quot;px&quot;,&quot;top&quot;:&quot;&quot;,&quot;right&quot;:&quot;&quot;,&quot;bottom&quot;:&quot;&quot;,&quot;left&quot;:&quot;&quot;,&quot;isLinked&quot;:true},&quot;element_pack_global_tooltip_border_radius_mobile&quot;:{&quot;unit&quot;:&quot;px&quot;,&quot;top&quot;:&quot;&quot;,&quot;right&quot;:&quot;&quot;,&quot;bottom&quot;:&quot;&quot;,&quot;left&quot;:&quot;&quot;,&quot;isLinked&quot;:true}}\" data-elementor-post-type=\"page\">\n\t\t\t\t\t\t<section class=\"elementor-section elementor-top-section elementor-element elementor-element-7be3f02 elementor-section-boxed elementor-section-height-default elementor-section-height-default\" data-id=\"7be3f02\" data-element_type=\"section\" data-settings=\"{&quot;ekit_has_onepagescroll_dot&quot;:&quot;yes&quot;}\">\n\t\t\t\t\t\t\t<div class=\"elementor-background-overlay\"><\/div>\n\t\t\t\t\t\t\t<div class=\"elementor-container elementor-column-gap-default\">\n\t\t\t\t\t<div class=\"elementor-column elementor-col-100 elementor-top-column elementor-element elementor-element-fc3e752\" data-id=\"fc3e752\" data-element_type=\"column\">\n\t\t\t<div class=\"elementor-widget-wrap elementor-element-populated\">\n\t\t\t\t\t\t<div class=\"elementor-element elementor-element-c5f25e8 elementor-widget elementor-widget-heading\" data-id=\"c5f25e8\" data-element_type=\"widget\" data-settings=\"{&quot;ekit_we_effect_on&quot;:&quot;none&quot;}\" data-widget_type=\"heading.default\">\n\t\t\t\t\t<h2 class=\"elementor-heading-title elementor-size-default\">Gastroenterologia<\/h2>\t\t\t\t<\/div>\n\t\t\t\t\t<\/div>\n\t\t<\/div>\n\t\t\t\t\t<\/div>\n\t\t<\/section>\n\t\t<div class=\"elementor-element elementor-element-533ebc9 e-flex e-con-boxed e-con e-parent\" data-id=\"533ebc9\" data-element_type=\"container\" data-settings=\"{&quot;background_background&quot;:&quot;classic&quot;,&quot;ekit_has_onepagescroll_dot&quot;:&quot;yes&quot;}\">\n\t\t\t\t\t<div class=\"e-con-inner\">\n\t\t<div class=\"elementor-element elementor-element-33bb4b7 e-con-full e-flex e-con e-child\" data-id=\"33bb4b7\" data-element_type=\"container\" data-settings=\"{&quot;ekit_has_onepagescroll_dot&quot;:&quot;yes&quot;}\">\n\t\t\t\t<div class=\"elementor-element elementor-element-30edab9 elementor-widget elementor-widget-gallery\" data-id=\"30edab9\" data-element_type=\"widget\" data-settings=\"{&quot;gallery_layout&quot;:&quot;justified&quot;,&quot;ideal_row_height&quot;:{&quot;unit&quot;:&quot;px&quot;,&quot;size&quot;:160,&quot;sizes&quot;:[]},&quot;lazyload&quot;:&quot;yes&quot;,&quot;ideal_row_height_tablet&quot;:{&quot;unit&quot;:&quot;px&quot;,&quot;size&quot;:150,&quot;sizes&quot;:[]},&quot;ideal_row_height_mobile&quot;:{&quot;unit&quot;:&quot;px&quot;,&quot;size&quot;:150,&quot;sizes&quot;:[]},&quot;gap&quot;:{&quot;unit&quot;:&quot;px&quot;,&quot;size&quot;:10,&quot;sizes&quot;:[]},&quot;gap_tablet&quot;:{&quot;unit&quot;:&quot;px&quot;,&quot;size&quot;:10,&quot;sizes&quot;:[]},&quot;gap_mobile&quot;:{&quot;unit&quot;:&quot;px&quot;,&quot;size&quot;:10,&quot;sizes&quot;:[]},&quot;link_to&quot;:&quot;file&quot;,&quot;content_hover_animation&quot;:&quot;fade-in&quot;,&quot;ekit_we_effect_on&quot;:&quot;none&quot;}\" data-widget_type=\"gallery.default\">\n\t\t\t\t\t\t\t<div class=\"elementor-gallery__container\">\n\t\t\t\t\t\t\t<a class=\"e-gallery-item elementor-gallery-item elementor-animated-content\" href=\"https:\/\/indomedix.com.br\/wp-content\/uploads\/2025\/09\/consulta-gastroenterologia-adultos.webp\" data-elementor-open-lightbox=\"yes\" data-elementor-lightbox-slideshow=\"30edab9\" data-elementor-lightbox-title=\"consulta-gastroenterologia-adultos\" data-e-action-hash=\"#elementor-action%3Aaction%3Dlightbox%26settings%3DeyJpZCI6ODczLCJ1cmwiOiJodHRwczpcL1wvaW5kb21lZGl4LmNvbS5iclwvd3AtY29udGVudFwvdXBsb2Fkc1wvMjAyNVwvMDlcL2NvbnN1bHRhLWdhc3Ryb2VudGVyb2xvZ2lhLWFkdWx0b3Mud2VicCIsInNsaWRlc2hvdyI6IjMwZWRhYjkifQ%3D%3D\">\n\t\t\t\t\t<div class=\"e-gallery-image elementor-gallery-item__image\" data-thumbnail=\"https:\/\/indomedix.com.br\/wp-content\/uploads\/2025\/09\/consulta-gastroenterologia-adultos.webp\" data-width=\"480\" data-height=\"426\" aria-label=\"\" role=\"img\" ><\/div>\n\t\t\t\t\t\t\t\t\t\t\t\t\t\t<\/a>\n\t\t\t\t\t\t\t<a class=\"e-gallery-item elementor-gallery-item elementor-animated-content\" href=\"https:\/\/indomedix.com.br\/wp-content\/uploads\/2025\/09\/Gastro.jpg\" data-elementor-open-lightbox=\"yes\" data-elementor-lightbox-slideshow=\"30edab9\" data-elementor-lightbox-title=\"Gastro\" data-e-action-hash=\"#elementor-action%3Aaction%3Dlightbox%26settings%3DeyJpZCI6ODc0LCJ1cmwiOiJodHRwczpcL1wvaW5kb21lZGl4LmNvbS5iclwvd3AtY29udGVudFwvdXBsb2Fkc1wvMjAyNVwvMDlcL0dhc3Ryby5qcGciLCJzbGlkZXNob3ciOiIzMGVkYWI5In0%3D\">\n\t\t\t\t\t<div class=\"e-gallery-image elementor-gallery-item__image\" data-thumbnail=\"https:\/\/indomedix.com.br\/wp-content\/uploads\/2025\/09\/Gastro.jpg\" data-width=\"800\" data-height=\"500\" aria-label=\"\" role=\"img\" ><\/div>\n\t\t\t\t\t\t\t\t\t\t\t\t\t\t<\/a>\n\t\t\t\t\t\t\t<a class=\"e-gallery-item elementor-gallery-item elementor-animated-content\" href=\"https:\/\/indomedix.com.br\/wp-content\/uploads\/2025\/09\/examen-de-gastroenterologia-3-550x366-1.jpg\" data-elementor-open-lightbox=\"yes\" data-elementor-lightbox-slideshow=\"30edab9\" data-elementor-lightbox-title=\"examen-de-gastroenterologia-3-550x366\" data-e-action-hash=\"#elementor-action%3Aaction%3Dlightbox%26settings%3DeyJpZCI6ODc1LCJ1cmwiOiJodHRwczpcL1wvaW5kb21lZGl4LmNvbS5iclwvd3AtY29udGVudFwvdXBsb2Fkc1wvMjAyNVwvMDlcL2V4YW1lbi1kZS1nYXN0cm9lbnRlcm9sb2dpYS0zLTU1MHgzNjYtMS5qcGciLCJzbGlkZXNob3ciOiIzMGVkYWI5In0%3D\">\n\t\t\t\t\t<div class=\"e-gallery-image elementor-gallery-item__image\" data-thumbnail=\"https:\/\/indomedix.com.br\/wp-content\/uploads\/2025\/09\/examen-de-gastroenterologia-3-550x366-1.jpg\" data-width=\"550\" data-height=\"366\" aria-label=\"\" role=\"img\" ><\/div>\n\t\t\t\t\t\t\t\t\t\t\t\t\t\t<\/a>\n\t\t\t\t\t\t\t<a class=\"e-gallery-item elementor-gallery-item elementor-animated-content\" href=\"https:\/\/indomedix.com.br\/wp-content\/uploads\/2025\/09\/o-que-e-gastroenterologia-saiba-sobre-essa-especialidade-medica.jpg\" data-elementor-open-lightbox=\"yes\" data-elementor-lightbox-slideshow=\"30edab9\" data-elementor-lightbox-title=\"o-que-e-gastroenterologia-saiba-sobre-essa-especialidade-medica\" data-e-action-hash=\"#elementor-action%3Aaction%3Dlightbox%26settings%3DeyJpZCI6ODc2LCJ1cmwiOiJodHRwczpcL1wvaW5kb21lZGl4LmNvbS5iclwvd3AtY29udGVudFwvdXBsb2Fkc1wvMjAyNVwvMDlcL28tcXVlLWUtZ2FzdHJvZW50ZXJvbG9naWEtc2FpYmEtc29icmUtZXNzYS1lc3BlY2lhbGlkYWRlLW1lZGljYS5qcGciLCJzbGlkZXNob3ciOiIzMGVkYWI5In0%3D\">\n\t\t\t\t\t<div class=\"e-gallery-image elementor-gallery-item__image\" data-thumbnail=\"https:\/\/indomedix.com.br\/wp-content\/uploads\/2025\/09\/o-que-e-gastroenterologia-saiba-sobre-essa-especialidade-medica.jpg\" data-width=\"800\" data-height=\"450\" aria-label=\"\" role=\"img\" ><\/div>\n\t\t\t\t\t\t\t\t\t\t\t\t\t\t<\/a>\n\t\t\t\t\t\t\t<a class=\"e-gallery-item elementor-gallery-item elementor-animated-content\" href=\"https:\/\/indomedix.com.br\/wp-content\/uploads\/2025\/09\/turkiye-gastroenterology-treatment-procedure.jpg\" data-elementor-open-lightbox=\"yes\" data-elementor-lightbox-slideshow=\"30edab9\" data-elementor-lightbox-title=\"turkiye-gastroenterology-treatment-procedure\" data-e-action-hash=\"#elementor-action%3Aaction%3Dlightbox%26settings%3DeyJpZCI6ODc3LCJ1cmwiOiJodHRwczpcL1wvaW5kb21lZGl4LmNvbS5iclwvd3AtY29udGVudFwvdXBsb2Fkc1wvMjAyNVwvMDlcL3R1cmtpeWUtZ2FzdHJvZW50ZXJvbG9neS10cmVhdG1lbnQtcHJvY2VkdXJlLmpwZyIsInNsaWRlc2hvdyI6IjMwZWRhYjkifQ%3D%3D\">\n\t\t\t\t\t<div class=\"e-gallery-image elementor-gallery-item__image\" data-thumbnail=\"https:\/\/indomedix.com.br\/wp-content\/uploads\/2025\/09\/turkiye-gastroenterology-treatment-procedure.jpg\" data-width=\"1350\" data-height=\"960\" aria-label=\"\" role=\"img\" ><\/div>\n\t\t\t\t\t\t\t\t\t\t\t\t\t\t<\/a>\n\t\t\t\t\t\t\t<a class=\"e-gallery-item elementor-gallery-item elementor-animated-content\" href=\"https:\/\/indomedix.com.br\/wp-content\/uploads\/2025\/09\/images-20.jpeg\" data-elementor-open-lightbox=\"yes\" data-elementor-lightbox-slideshow=\"30edab9\" data-elementor-lightbox-title=\"images (20)\" data-e-action-hash=\"#elementor-action%3Aaction%3Dlightbox%26settings%3DeyJpZCI6ODc4LCJ1cmwiOiJodHRwczpcL1wvaW5kb21lZGl4LmNvbS5iclwvd3AtY29udGVudFwvdXBsb2Fkc1wvMjAyNVwvMDlcL2ltYWdlcy0yMC5qcGVnIiwic2xpZGVzaG93IjoiMzBlZGFiOSJ9\">\n\t\t\t\t\t<div class=\"e-gallery-image elementor-gallery-item__image\" data-thumbnail=\"https:\/\/indomedix.com.br\/wp-content\/uploads\/2025\/09\/images-20.jpeg\" data-width=\"275\" data-height=\"183\" aria-label=\"\" role=\"img\" ><\/div>\n\t\t\t\t\t\t\t\t\t\t\t\t\t\t<\/a>\n\t\t\t\t\t<\/div>\n\t\t\t\t\t<\/div>\n\t\t\t\t<\/div>\n\t\t<div class=\"elementor-element elementor-element-ed8f25a e-con-full e-flex e-con e-child\" data-id=\"ed8f25a\" data-element_type=\"container\" data-settings=\"{&quot;ekit_has_onepagescroll_dot&quot;:&quot;yes&quot;}\">\n\t\t\t\t<div class=\"elementor-element elementor-element-cfe6145 elementor-widget elementor-widget-text-editor\" data-id=\"cfe6145\" data-element_type=\"widget\" data-settings=\"{&quot;ekit_we_effect_on&quot;:&quot;none&quot;}\" data-widget_type=\"text-editor.default\">\n\t\t\t\t\t\t\t\t\t<article class=\"text-token-text-primary w-full focus:outline-none scroll-mt-[calc(var(--header-height)+min(200px,max(70px,20svh)))]\" dir=\"auto\" tabindex=\"-1\" data-turn-id=\"request-WEB:3499bc93-c4da-4610-9e15-e87bad511129-13\" data-testid=\"conversation-turn-28\" data-scroll-anchor=\"true\" data-turn=\"assistant\"><div class=\"text-base my-auto mx-auto pb-10 [--thread-content-margin:--spacing(4)] thread-sm:[--thread-content-margin:--spacing(6)] thread-lg:[--thread-content-margin:--spacing(16)] px-(--thread-content-margin)\"><div class=\"[--thread-content-max-width:40rem] thread-lg:[--thread-content-max-width:48rem] mx-auto max-w-(--thread-content-max-width) flex-1 group\/turn-messages focus-visible:outline-hidden relative flex w-full min-w-0 flex-col agent-turn\" tabindex=\"-1\"><div class=\"flex max-w-full flex-col grow\"><div class=\"min-h-8 text-message relative flex w-full flex-col items-end gap-2 text-start break-words whitespace-normal [.text-message+&amp;]:mt-5\" dir=\"auto\" data-message-author-role=\"assistant\" data-message-id=\"7ad1835f-d005-4745-b5be-5ecb591f1561\" data-message-model-slug=\"gpt-5\"><div class=\"flex w-full flex-col gap-1 empty:hidden first:pt-[3px]\"><div class=\"markdown prose dark:prose-invert w-full break-words light markdown-new-styling\"><p data-start=\"42\" data-end=\"548\">Entendemos que a sa\u00fade \u00e9 um quebra-cabe\u00e7a complexo e, \u00e0s vezes, \u00e9 necess\u00e1rio um especialista para juntar as pe\u00e7as. A medicina interna \u00e9 a pedra angular do cuidado em sa\u00fade, e nosso departamento \u00e9 dedicado a oferecer aos pacientes adultos um atendimento m\u00e9dico personalizado e baseado em evid\u00eancias. Estamos aqui para tratar uma ampla variedade de problemas de sa\u00fade, desde doen\u00e7as comuns at\u00e9 condi\u00e7\u00f5es m\u00e9dicas complexas; nosso compromisso \u00e9 desvendar os mist\u00e9rios da sua sa\u00fade e garantir o seu bem-estar.<\/p><p data-start=\"550\" data-end=\"690\"><strong data-start=\"550\" data-end=\"582\">Sua Sa\u00fade, Nossa Prioridade:<\/strong><br data-start=\"582\" data-end=\"585\" \/>Nosso Departamento de Medicina Interna oferece uma gama de servi\u00e7os, incluindo, mas n\u00e3o se limitando a:<\/p><ul data-start=\"692\" data-end=\"1552\" data-is-last-node=\"\" data-is-only-node=\"\"><li data-start=\"692\" data-end=\"814\"><p data-start=\"694\" data-end=\"814\"><strong data-start=\"694\" data-end=\"719\">Cuidados Preventivos:<\/strong> Check-ups anuais, vacina\u00e7\u00f5es e exames de rastreamento para mant\u00ea-lo no caminho do bem-estar.<\/p><\/li><li data-start=\"815\" data-end=\"954\"><p data-start=\"817\" data-end=\"954\"><strong data-start=\"817\" data-end=\"848\">Manejo de Doen\u00e7as Cr\u00f4nicas:<\/strong> Somos especialistas no tratamento de condi\u00e7\u00f5es cr\u00f4nicas como diabetes, hipertens\u00e3o e doen\u00e7as card\u00edacas.<\/p><\/li><li data-start=\"955\" data-end=\"1123\"><p data-start=\"957\" data-end=\"1123\"><strong data-start=\"957\" data-end=\"992\">Diagn\u00f3stico de Casos Complexos:<\/strong> Para aqueles mist\u00e9rios m\u00e9dicos que precisam ser resolvidos, nossos cl\u00ednicos s\u00e3o altamente capacitados em excel\u00eancia diagn\u00f3stica.<\/p><\/li><li data-start=\"1124\" data-end=\"1256\"><p data-start=\"1126\" data-end=\"1256\"><strong data-start=\"1126\" data-end=\"1153\">Gest\u00e3o de Medicamentos:<\/strong> Oferecemos orienta\u00e7\u00e3o abrangente e suporte na gest\u00e3o de medicamentos para otimizar o seu tratamento.<\/p><\/li><li data-start=\"1257\" data-end=\"1408\"><p data-start=\"1259\" data-end=\"1408\"><strong data-start=\"1259\" data-end=\"1296\">Aconselhamento de Estilo de Vida:<\/strong> Fornecemos orienta\u00e7\u00f5es sobre nutri\u00e7\u00e3o, exerc\u00edcios e mudan\u00e7as no estilo de vida para melhorar sua sa\u00fade geral.<\/p><\/li><li data-start=\"1409\" data-end=\"1552\" data-is-last-node=\"\"><p data-start=\"1411\" data-end=\"1552\" data-is-last-node=\"\"><strong data-start=\"1411\" data-end=\"1434\">Cuidado Geri\u00e1trico:<\/strong> Atendimento especializado para nossos pacientes idosos, abordando quest\u00f5es de sa\u00fade relacionadas ao envelhecimento.<\/p><\/li><\/ul><\/div><\/div><\/div><\/div><\/div><\/div><\/article>\t\t\t\t\t\t\t\t<\/div>\n\t\t\t\t<\/div>\n\t\t\t\t\t<\/div>\n\t\t\t\t<\/div>\n\t\t\t\t<\/div>\n\t\t\n    <div class=\"xs_social_share_widget xs_share_url after_content \t\tmain_content  wslu-style-1 wslu-share-box-shaped wslu-fill-colored wslu-none wslu-share-horizontal wslu-theme-font-no wslu-main_content\">\n\n\t\t\n        <ul>\n\t\t\t        <\/ul>\n    <\/div> \n","protected":false},"excerpt":{"rendered":"<p>Gastroenterologia Entendemos que a sa\u00fade \u00e9 um quebra-cabe\u00e7a complexo e, \u00e0s vezes, \u00e9 necess\u00e1rio um especialista para juntar as pe\u00e7as. A medicina interna \u00e9 a pedra angular do cuidado em sa\u00fade, e nosso departamento \u00e9 dedicado a oferecer aos pacientes adultos um atendimento m\u00e9dico personalizado e baseado em evid\u00eancias. Estamos aqui para tratar uma ampla [&hellip;]<\/p>\n","protected":false},"author":1,"featured_media":0,"parent":0,"menu_order":0,"comment_status":"closed","ping_status":"closed","template":"elementor_header_footer","meta":{"postBodyCss":"","postBodyMargin":[],"postBodyPadding":[],"postBodyBackground":{"backgroundType":"classic","gradient":""},"footnotes":""},"class_list":["post-384","page","type-page","status-publish","hentry"],"_links":{"self":[{"href":"https:\/\/indomedix.com.br\/index.php?rest_route=\/wp\/v2\/pages\/384","targetHints":{"allow":["GET"]}}],"collection":[{"href":"https:\/\/indomedix.com.br\/index.php?rest_route=\/wp\/v2\/pages"}],"about":[{"href":"https:\/\/indomedix.com.br\/index.php?rest_route=\/wp\/v2\/types\/page"}],"author":[{"embeddable":true,"href":"https:\/\/indomedix.com.br\/index.php?rest_route=\/wp\/v2\/users\/1"}],"replies":[{"embeddable":true,"href":"https:\/\/indomedix.com.br\/index.php?rest_route=%2Fwp%2Fv2%2Fcomments&post=384"}],"version-history":[{"count":13,"href":"https:\/\/indomedix.com.br\/index.php?rest_route=\/wp\/v2\/pages\/384\/revisions"}],"predecessor-version":[{"id":881,"href":"https:\/\/indomedix.com.br\/index.php?rest_route=\/wp\/v2\/pages\/384\/revisions\/881"}],"wp:attachment":[{"href":"https:\/\/indomedix.com.br\/index.php?rest_route=%2Fwp%2Fv2%2Fmedia&parent=384"}],"curies":[{"name":"wp","href":"https:\/\/api.w.org\/{rel}","templated":true}]}}