{"id":900,"date":"2025-09-19T16:45:36","date_gmt":"2025-09-19T16:45:36","guid":{"rendered":"http:\/\/139.59.77.15\/~indomedi\/?page_id=900"},"modified":"2025-09-19T17:00:14","modified_gmt":"2025-09-19T17:00:14","slug":"cirurgia-geral","status":"publish","type":"page","link":"https:\/\/indomedix.com.br\/?page_id=900","title":{"rendered":"Cirurgia Geral"},"content":{"rendered":"\t\t<div data-elementor-type=\"wp-page\" data-elementor-id=\"900\" class=\"elementor elementor-900\" data-elementor-settings=\"{&quot;element_pack_global_tooltip_width&quot;:{&quot;unit&quot;:&quot;px&quot;,&quot;size&quot;:&quot;&quot;,&quot;sizes&quot;:[]},&quot;element_pack_global_tooltip_width_tablet&quot;:{&quot;unit&quot;:&quot;px&quot;,&quot;size&quot;:&quot;&quot;,&quot;sizes&quot;:[]},&quot;element_pack_global_tooltip_width_mobile&quot;:{&quot;unit&quot;:&quot;px&quot;,&quot;size&quot;:&quot;&quot;,&quot;sizes&quot;:[]},&quot;element_pack_global_tooltip_padding&quot;:{&quot;unit&quot;:&quot;px&quot;,&quot;top&quot;:&quot;&quot;,&quot;right&quot;:&quot;&quot;,&quot;bottom&quot;:&quot;&quot;,&quot;left&quot;:&quot;&quot;,&quot;isLinked&quot;:true},&quot;element_pack_global_tooltip_padding_tablet&quot;:{&quot;unit&quot;:&quot;px&quot;,&quot;top&quot;:&quot;&quot;,&quot;right&quot;:&quot;&quot;,&quot;bottom&quot;:&quot;&quot;,&quot;left&quot;:&quot;&quot;,&quot;isLinked&quot;:true},&quot;element_pack_global_tooltip_padding_mobile&quot;:{&quot;unit&quot;:&quot;px&quot;,&quot;top&quot;:&quot;&quot;,&quot;right&quot;:&quot;&quot;,&quot;bottom&quot;:&quot;&quot;,&quot;left&quot;:&quot;&quot;,&quot;isLinked&quot;:true},&quot;element_pack_global_tooltip_border_radius&quot;:{&quot;unit&quot;:&quot;px&quot;,&quot;top&quot;:&quot;&quot;,&quot;right&quot;:&quot;&quot;,&quot;bottom&quot;:&quot;&quot;,&quot;left&quot;:&quot;&quot;,&quot;isLinked&quot;:true},&quot;element_pack_global_tooltip_border_radius_tablet&quot;:{&quot;unit&quot;:&quot;px&quot;,&quot;top&quot;:&quot;&quot;,&quot;right&quot;:&quot;&quot;,&quot;bottom&quot;:&quot;&quot;,&quot;left&quot;:&quot;&quot;,&quot;isLinked&quot;:true},&quot;element_pack_global_tooltip_border_radius_mobile&quot;:{&quot;unit&quot;:&quot;px&quot;,&quot;top&quot;:&quot;&quot;,&quot;right&quot;:&quot;&quot;,&quot;bottom&quot;:&quot;&quot;,&quot;left&quot;:&quot;&quot;,&quot;isLinked&quot;:true}}\" data-elementor-post-type=\"page\">\n\t\t\t\t\t\t<section class=\"elementor-section elementor-top-section elementor-element elementor-element-e346641 elementor-section-boxed elementor-section-height-default elementor-section-height-default\" data-id=\"e346641\" data-element_type=\"section\" data-settings=\"{&quot;ekit_has_onepagescroll_dot&quot;:&quot;yes&quot;}\">\n\t\t\t\t\t\t\t<div class=\"elementor-background-overlay\"><\/div>\n\t\t\t\t\t\t\t<div class=\"elementor-container elementor-column-gap-default\">\n\t\t\t\t\t<div class=\"elementor-column elementor-col-100 elementor-top-column elementor-element elementor-element-67eea63\" data-id=\"67eea63\" data-element_type=\"column\">\n\t\t\t<div class=\"elementor-widget-wrap elementor-element-populated\">\n\t\t\t\t\t\t<div class=\"elementor-element elementor-element-4904c19 elementor-widget elementor-widget-heading\" data-id=\"4904c19\" data-element_type=\"widget\" data-settings=\"{&quot;ekit_we_effect_on&quot;:&quot;none&quot;}\" data-widget_type=\"heading.default\">\n\t\t\t\t\t<h2 class=\"elementor-heading-title elementor-size-default\">Cirurgia Geral<\/h2>\t\t\t\t<\/div>\n\t\t\t\t\t<\/div>\n\t\t<\/div>\n\t\t\t\t\t<\/div>\n\t\t<\/section>\n\t\t<div class=\"elementor-element elementor-element-2960047 e-flex e-con-boxed e-con e-parent\" data-id=\"2960047\" data-element_type=\"container\" data-settings=\"{&quot;background_background&quot;:&quot;classic&quot;,&quot;ekit_has_onepagescroll_dot&quot;:&quot;yes&quot;}\">\n\t\t\t\t\t<div class=\"e-con-inner\">\n\t\t<div class=\"elementor-element elementor-element-ff354b3 e-con-full e-flex e-con e-child\" data-id=\"ff354b3\" data-element_type=\"container\" data-settings=\"{&quot;ekit_has_onepagescroll_dot&quot;:&quot;yes&quot;}\">\n\t\t\t\t<div class=\"elementor-element elementor-element-457db32 elementor-widget elementor-widget-gallery\" data-id=\"457db32\" data-element_type=\"widget\" data-settings=\"{&quot;gallery_layout&quot;:&quot;justified&quot;,&quot;ideal_row_height&quot;:{&quot;unit&quot;:&quot;px&quot;,&quot;size&quot;:211,&quot;sizes&quot;:[]},&quot;lazyload&quot;:&quot;yes&quot;,&quot;ideal_row_height_tablet&quot;:{&quot;unit&quot;:&quot;px&quot;,&quot;size&quot;:150,&quot;sizes&quot;:[]},&quot;ideal_row_height_mobile&quot;:{&quot;unit&quot;:&quot;px&quot;,&quot;size&quot;:150,&quot;sizes&quot;:[]},&quot;gap&quot;:{&quot;unit&quot;:&quot;px&quot;,&quot;size&quot;:10,&quot;sizes&quot;:[]},&quot;gap_tablet&quot;:{&quot;unit&quot;:&quot;px&quot;,&quot;size&quot;:10,&quot;sizes&quot;:[]},&quot;gap_mobile&quot;:{&quot;unit&quot;:&quot;px&quot;,&quot;size&quot;:10,&quot;sizes&quot;:[]},&quot;link_to&quot;:&quot;file&quot;,&quot;content_hover_animation&quot;:&quot;fade-in&quot;,&quot;ekit_we_effect_on&quot;:&quot;none&quot;}\" data-widget_type=\"gallery.default\">\n\t\t\t\t\t\t\t<div class=\"elementor-gallery__container\">\n\t\t\t\t\t\t\t<a class=\"e-gallery-item elementor-gallery-item elementor-animated-content\" href=\"https:\/\/indomedix.com.br\/wp-content\/uploads\/2025\/09\/571f03d9aa903087e1c2f3252c0e5c80.jpg\" data-elementor-open-lightbox=\"yes\" data-elementor-lightbox-slideshow=\"457db32\" data-elementor-lightbox-title=\"571f03d9aa903087e1c2f3252c0e5c80\" data-e-action-hash=\"#elementor-action%3Aaction%3Dlightbox%26settings%3DeyJpZCI6OTA0LCJ1cmwiOiJodHRwczpcL1wvaW5kb21lZGl4LmNvbS5iclwvd3AtY29udGVudFwvdXBsb2Fkc1wvMjAyNVwvMDlcLzU3MWYwM2Q5YWE5MDMwODdlMWMyZjMyNTJjMGU1YzgwLmpwZyIsInNsaWRlc2hvdyI6IjQ1N2RiMzIifQ%3D%3D\">\n\t\t\t\t\t<div class=\"e-gallery-image elementor-gallery-item__image\" data-thumbnail=\"https:\/\/indomedix.com.br\/wp-content\/uploads\/2025\/09\/571f03d9aa903087e1c2f3252c0e5c80.jpg\" data-width=\"1224\" data-height=\"816\" aria-label=\"\" role=\"img\" ><\/div>\n\t\t\t\t\t\t\t\t\t\t\t\t\t\t<\/a>\n\t\t\t\t\t\t\t<a class=\"e-gallery-item elementor-gallery-item elementor-animated-content\" href=\"https:\/\/indomedix.com.br\/wp-content\/uploads\/2025\/09\/Jovens-medicos-praticando-na-residencia-em-Cirurgia-Geral.jpg\" data-elementor-open-lightbox=\"yes\" data-elementor-lightbox-slideshow=\"457db32\" data-elementor-lightbox-title=\"Jovens-medicos-praticando-na-residencia-em-Cirurgia-Geral\" data-e-action-hash=\"#elementor-action%3Aaction%3Dlightbox%26settings%3DeyJpZCI6OTA1LCJ1cmwiOiJodHRwczpcL1wvaW5kb21lZGl4LmNvbS5iclwvd3AtY29udGVudFwvdXBsb2Fkc1wvMjAyNVwvMDlcL0pvdmVucy1tZWRpY29zLXByYXRpY2FuZG8tbmEtcmVzaWRlbmNpYS1lbS1DaXJ1cmdpYS1HZXJhbC5qcGciLCJzbGlkZXNob3ciOiI0NTdkYjMyIn0%3D\">\n\t\t\t\t\t<div class=\"e-gallery-image elementor-gallery-item__image\" data-thumbnail=\"https:\/\/indomedix.com.br\/wp-content\/uploads\/2025\/09\/Jovens-medicos-praticando-na-residencia-em-Cirurgia-Geral.jpg\" data-width=\"1800\" data-height=\"1200\" aria-label=\"\" role=\"img\" ><\/div>\n\t\t\t\t\t\t\t\t\t\t\t\t\t\t<\/a>\n\t\t\t\t\t\t\t<a class=\"e-gallery-item elementor-gallery-item elementor-animated-content\" href=\"https:\/\/indomedix.com.br\/wp-content\/uploads\/2025\/09\/cirurgia-geral.jpeg\" data-elementor-open-lightbox=\"yes\" data-elementor-lightbox-slideshow=\"457db32\" data-elementor-lightbox-title=\"cirurgia-geral\" data-e-action-hash=\"#elementor-action%3Aaction%3Dlightbox%26settings%3DeyJpZCI6OTA2LCJ1cmwiOiJodHRwczpcL1wvaW5kb21lZGl4LmNvbS5iclwvd3AtY29udGVudFwvdXBsb2Fkc1wvMjAyNVwvMDlcL2NpcnVyZ2lhLWdlcmFsLmpwZWciLCJzbGlkZXNob3ciOiI0NTdkYjMyIn0%3D\">\n\t\t\t\t\t<div class=\"e-gallery-image elementor-gallery-item__image\" data-thumbnail=\"https:\/\/indomedix.com.br\/wp-content\/uploads\/2025\/09\/cirurgia-geral.jpeg\" data-width=\"2014\" data-height=\"1489\" aria-label=\"\" role=\"img\" ><\/div>\n\t\t\t\t\t\t\t\t\t\t\t\t\t\t<\/a>\n\t\t\t\t\t\t\t<a class=\"e-gallery-item elementor-gallery-item elementor-animated-content\" href=\"https:\/\/indomedix.com.br\/wp-content\/uploads\/2025\/09\/noticias-02-768x1024-1.jpg\" data-elementor-open-lightbox=\"yes\" data-elementor-lightbox-slideshow=\"457db32\" data-elementor-lightbox-title=\"noticias-02-768x1024\" data-e-action-hash=\"#elementor-action%3Aaction%3Dlightbox%26settings%3DeyJpZCI6OTA3LCJ1cmwiOiJodHRwczpcL1wvaW5kb21lZGl4LmNvbS5iclwvd3AtY29udGVudFwvdXBsb2Fkc1wvMjAyNVwvMDlcL25vdGljaWFzLTAyLTc2OHgxMDI0LTEuanBnIiwic2xpZGVzaG93IjoiNDU3ZGIzMiJ9\">\n\t\t\t\t\t<div class=\"e-gallery-image elementor-gallery-item__image\" data-thumbnail=\"https:\/\/indomedix.com.br\/wp-content\/uploads\/2025\/09\/noticias-02-768x1024-1.jpg\" data-width=\"768\" data-height=\"1024\" aria-label=\"\" role=\"img\" ><\/div>\n\t\t\t\t\t\t\t\t\t\t\t\t\t\t<\/a>\n\t\t\t\t\t\t\t<a class=\"e-gallery-item elementor-gallery-item elementor-animated-content\" href=\"https:\/\/indomedix.com.br\/wp-content\/uploads\/2025\/09\/cirurgia-geral-procedimento-videolaparoscopia.jpg\" data-elementor-open-lightbox=\"yes\" data-elementor-lightbox-slideshow=\"457db32\" data-elementor-lightbox-title=\"cirurgia-geral-procedimento-videolaparoscopia\" data-e-action-hash=\"#elementor-action%3Aaction%3Dlightbox%26settings%3DeyJpZCI6OTA4LCJ1cmwiOiJodHRwczpcL1wvaW5kb21lZGl4LmNvbS5iclwvd3AtY29udGVudFwvdXBsb2Fkc1wvMjAyNVwvMDlcL2NpcnVyZ2lhLWdlcmFsLXByb2NlZGltZW50by12aWRlb2xhcGFyb3Njb3BpYS5qcGciLCJzbGlkZXNob3ciOiI0NTdkYjMyIn0%3D\">\n\t\t\t\t\t<div class=\"e-gallery-image elementor-gallery-item__image\" data-thumbnail=\"https:\/\/indomedix.com.br\/wp-content\/uploads\/2025\/09\/cirurgia-geral-procedimento-videolaparoscopia.jpg\" data-width=\"1920\" data-height=\"1080\" aria-label=\"\" role=\"img\" ><\/div>\n\t\t\t\t\t\t\t\t\t\t\t\t\t\t<\/a>\n\t\t\t\t\t\t\t<a class=\"e-gallery-item elementor-gallery-item elementor-animated-content\" href=\"https:\/\/indomedix.com.br\/wp-content\/uploads\/2025\/09\/cirugiageral-1024x682-1.jpg\" data-elementor-open-lightbox=\"yes\" data-elementor-lightbox-slideshow=\"457db32\" data-elementor-lightbox-title=\"cirugiageral-1024x682\" data-e-action-hash=\"#elementor-action%3Aaction%3Dlightbox%26settings%3DeyJpZCI6OTA5LCJ1cmwiOiJodHRwczpcL1wvaW5kb21lZGl4LmNvbS5iclwvd3AtY29udGVudFwvdXBsb2Fkc1wvMjAyNVwvMDlcL2NpcnVnaWFnZXJhbC0xMDI0eDY4Mi0xLmpwZyIsInNsaWRlc2hvdyI6IjQ1N2RiMzIifQ%3D%3D\">\n\t\t\t\t\t<div class=\"e-gallery-image elementor-gallery-item__image\" data-thumbnail=\"https:\/\/indomedix.com.br\/wp-content\/uploads\/2025\/09\/cirugiageral-1024x682-1.jpg\" data-width=\"1024\" data-height=\"682\" aria-label=\"\" role=\"img\" ><\/div>\n\t\t\t\t\t\t\t\t\t\t\t\t\t\t<\/a>\n\t\t\t\t\t<\/div>\n\t\t\t\t\t<\/div>\n\t\t\t\t<\/div>\n\t\t<div class=\"elementor-element elementor-element-759c8b9 e-con-full e-flex e-con e-child\" data-id=\"759c8b9\" data-element_type=\"container\" data-settings=\"{&quot;ekit_has_onepagescroll_dot&quot;:&quot;yes&quot;}\">\n\t\t\t\t<div class=\"elementor-element elementor-element-7345222 elementor-widget elementor-widget-text-editor\" data-id=\"7345222\" data-element_type=\"widget\" data-settings=\"{&quot;ekit_we_effect_on&quot;:&quot;none&quot;}\" data-widget_type=\"text-editor.default\">\n\t\t\t\t\t\t\t\t\t<p data-start=\"176\" data-end=\"473\">A Cirurgia Geral \u00e9 uma especialidade m\u00e9dica que abrange o diagn\u00f3stico, tratamento e acompanhamento de uma ampla variedade de doen\u00e7as que necessitam de interven\u00e7\u00e3o cir\u00fargica. O cirurgi\u00e3o geral atua em procedimentos de baixa, m\u00e9dia e alta complexidade, tanto de car\u00e1ter emergencial quanto eletivo.<\/p><p data-start=\"475\" data-end=\"520\">Entre as principais \u00e1reas de atua\u00e7\u00e3o est\u00e3o:<\/p><ul data-start=\"521\" data-end=\"829\"><li data-start=\"521\" data-end=\"613\"><p data-start=\"523\" data-end=\"613\">Cirurgias do aparelho digestivo (est\u00f4mago, intestino, ves\u00edcula biliar, f\u00edgado, p\u00e2ncreas)<\/p><\/li><li data-start=\"614\" data-end=\"687\"><p data-start=\"616\" data-end=\"687\">Cirurgias de h\u00e9rnias (inguinal, umbilical, epig\u00e1strica, entre outras)<\/p><\/li><li data-start=\"688\" data-end=\"725\"><p data-start=\"690\" data-end=\"725\">Cirurgias de pele e tecidos moles<\/p><\/li><li data-start=\"726\" data-end=\"774\"><p data-start=\"728\" data-end=\"774\">Atendimento a traumas e urg\u00eancias abdominais<\/p><\/li><li data-start=\"775\" data-end=\"829\"><p data-start=\"777\" data-end=\"829\">Procedimentos laparosc\u00f3picos minimamente invasivos<\/p><\/li><\/ul><p data-start=\"831\" data-end=\"1017\">Nosso time de especialistas em Cirurgia Geral trabalha com foco na seguran\u00e7a, efic\u00e1cia e recupera\u00e7\u00e3o r\u00e1pida do paciente, utilizando t\u00e9cnicas modernas e recursos tecnol\u00f3gicos avan\u00e7ados.<\/p>\t\t\t\t\t\t\t\t<\/div>\n\t\t\t\t<\/div>\n\t\t\t\t\t<\/div>\n\t\t\t\t<\/div>\n\t\t<div class=\"elementor-element elementor-element-2e733f6 e-flex e-con-boxed e-con e-parent\" data-id=\"2e733f6\" data-element_type=\"container\" data-settings=\"{&quot;background_background&quot;:&quot;classic&quot;,&quot;ekit_has_onepagescroll_dot&quot;:&quot;yes&quot;}\">\n\t\t\t\t\t<div class=\"e-con-inner\">\n\t\t\t\t<div class=\"elementor-element elementor-element-32dc2be elementor-widget elementor-widget-text-editor\" data-id=\"32dc2be\" data-element_type=\"widget\" data-settings=\"{&quot;ekit_we_effect_on&quot;:&quot;none&quot;}\" data-widget_type=\"text-editor.default\">\n\t\t\t\t\t\t\t\t\t<h5 data-start=\"129\" data-end=\"180\">Tratamentos e Procedimentos em Cirurgia Geral<\/h5><ul data-start=\"182\" data-end=\"1335\"><li data-start=\"182\" data-end=\"444\"><p data-start=\"184\" data-end=\"217\">Cirurgias do Aparelho Digestivo<\/p><ul data-start=\"220\" data-end=\"444\"><li data-start=\"220\" data-end=\"269\"><p data-start=\"222\" data-end=\"269\">Colecistectomia (retirada da ves\u00edcula biliar)<\/p><\/li><li data-start=\"272\" data-end=\"313\"><p data-start=\"274\" data-end=\"313\">Apendicectomia (retirada do ap\u00eandice)<\/p><\/li><li data-start=\"316\" data-end=\"356\"><p data-start=\"318\" data-end=\"356\">Cirurgia de \u00falcera p\u00e9ptica perfurada<\/p><\/li><li data-start=\"359\" data-end=\"408\"><p data-start=\"361\" data-end=\"408\">Ressec\u00e7\u00f5es intestinais (c\u00f3lon, reto, delgado)<\/p><\/li><li data-start=\"411\" data-end=\"444\"><p data-start=\"413\" data-end=\"444\">Cirurgia do f\u00edgado e p\u00e2ncreas<\/p><\/li><\/ul><\/li><li data-start=\"446\" data-end=\"585\"><p data-start=\"448\" data-end=\"470\">Cirurgias de H\u00e9rnias<\/p><ul data-start=\"473\" data-end=\"585\"><li data-start=\"473\" data-end=\"492\"><p data-start=\"475\" data-end=\"492\">H\u00e9rnia inguinal<\/p><\/li><li data-start=\"495\" data-end=\"515\"><p data-start=\"497\" data-end=\"515\">H\u00e9rnia umbilical<\/p><\/li><li data-start=\"518\" data-end=\"540\"><p data-start=\"520\" data-end=\"540\">H\u00e9rnia epig\u00e1strica<\/p><\/li><li data-start=\"543\" data-end=\"564\"><p data-start=\"545\" data-end=\"564\">H\u00e9rnia incisional<\/p><\/li><li data-start=\"567\" data-end=\"585\"><p data-start=\"569\" data-end=\"585\">H\u00e9rnia femoral<\/p><\/li><\/ul><\/li><li data-start=\"587\" data-end=\"780\"><p data-start=\"589\" data-end=\"625\">Cirurgias de Urg\u00eancia e Emerg\u00eancia<\/p><ul data-start=\"628\" data-end=\"780\"><li data-start=\"628\" data-end=\"648\"><p data-start=\"630\" data-end=\"648\">Trauma abdominal<\/p><\/li><li data-start=\"651\" data-end=\"678\"><p data-start=\"653\" data-end=\"678\">Perfura\u00e7\u00f5es intestinais<\/p><\/li><li data-start=\"681\" data-end=\"707\"><p data-start=\"683\" data-end=\"707\">Hemorragias abdominais<\/p><\/li><li data-start=\"710\" data-end=\"734\"><p data-start=\"712\" data-end=\"734\">Obstru\u00e7\u00e3o intestinal<\/p><\/li><li data-start=\"737\" data-end=\"780\"><p data-start=\"739\" data-end=\"780\">Abdome agudo inflamat\u00f3rio ou obstrutivo<\/p><\/li><\/ul><\/li><li data-start=\"782\" data-end=\"951\"><p data-start=\"784\" data-end=\"819\">Cirurgias de Pele e Tecidos Moles<\/p><ul data-start=\"822\" data-end=\"951\"><li data-start=\"822\" data-end=\"843\"><p data-start=\"824\" data-end=\"843\">Remo\u00e7\u00e3o de cistos<\/p><\/li><li data-start=\"846\" data-end=\"868\"><p data-start=\"848\" data-end=\"868\">Remo\u00e7\u00e3o de lipomas<\/p><\/li><li data-start=\"871\" data-end=\"898\"><p data-start=\"873\" data-end=\"898\">Tratamento de abscessos<\/p><\/li><li data-start=\"901\" data-end=\"951\"><p data-start=\"903\" data-end=\"951\">Ex\u00e9rese de tumores benignos e malignos de pele<\/p><\/li><\/ul><\/li><li data-start=\"953\" data-end=\"1137\"><p data-start=\"955\" data-end=\"988\">Cirurgias Minimamente Invasivas<\/p><ul data-start=\"991\" data-end=\"1137\"><li data-start=\"991\" data-end=\"1019\"><p data-start=\"993\" data-end=\"1019\">Laparoscopia diagn\u00f3stica<\/p><\/li><li data-start=\"1022\" data-end=\"1059\"><p data-start=\"1024\" data-end=\"1059\">Cirurgia laparosc\u00f3pica de h\u00e9rnias<\/p><\/li><li data-start=\"1062\" data-end=\"1100\"><p data-start=\"1064\" data-end=\"1100\">Cirurgia laparosc\u00f3pica de ves\u00edcula<\/p><\/li><li data-start=\"1103\" data-end=\"1137\"><p data-start=\"1105\" data-end=\"1137\">Procedimentos v\u00eddeo-assistidos<\/p><\/li><\/ul><\/li><li data-start=\"1139\" data-end=\"1335\"><p data-start=\"1141\" data-end=\"1163\">Outros Procedimentos<\/p><ul data-start=\"1166\" data-end=\"1335\"><li data-start=\"1166\" data-end=\"1189\"><p data-start=\"1168\" data-end=\"1189\">Bi\u00f3psias cir\u00fargicas<\/p><\/li><li data-start=\"1192\" data-end=\"1239\"><p data-start=\"1194\" data-end=\"1239\">Drenagem de cole\u00e7\u00f5es (abscessos, hematomas)<\/p><\/li><li data-start=\"1242\" data-end=\"1266\"><p data-start=\"1244\" data-end=\"1266\">Corre\u00e7\u00e3o de f\u00edstulas<\/p><\/li><li data-start=\"1269\" data-end=\"1335\"><p data-start=\"1271\" data-end=\"1335\">Tratamento cir\u00fargico de hemorroidas, fissuras e f\u00edstulas anais<\/p><\/li><\/ul><\/li><\/ul>\t\t\t\t\t\t\t\t<\/div>\n\t\t\t\t\t<\/div>\n\t\t\t\t<\/div>\n\t\t\t\t<\/div>\n\t\t\n    <div class=\"xs_social_share_widget xs_share_url after_content \t\tmain_content  wslu-style-1 wslu-share-box-shaped wslu-fill-colored wslu-none wslu-share-horizontal wslu-theme-font-no wslu-main_content\">\n\n\t\t\n        <ul>\n\t\t\t        <\/ul>\n    <\/div> \n","protected":false},"excerpt":{"rendered":"<p>Cirurgia Geral A Cirurgia Geral \u00e9 uma especialidade m\u00e9dica que abrange o diagn\u00f3stico, tratamento e acompanhamento de uma ampla variedade de doen\u00e7as que necessitam de interven\u00e7\u00e3o cir\u00fargica. O cirurgi\u00e3o geral atua em procedimentos de baixa, m\u00e9dia e alta complexidade, tanto de car\u00e1ter emergencial quanto eletivo. Entre as principais \u00e1reas de atua\u00e7\u00e3o est\u00e3o: Cirurgias do aparelho [&hellip;]<\/p>\n","protected":false},"author":1,"featured_media":0,"parent":0,"menu_order":0,"comment_status":"closed","ping_status":"closed","template":"elementor_header_footer","meta":{"postBodyCss":"","postBodyMargin":[],"postBodyPadding":[],"postBodyBackground":{"backgroundType":"classic","gradient":""},"footnotes":""},"class_list":["post-900","page","type-page","status-publish","hentry"],"_links":{"self":[{"href":"https:\/\/indomedix.com.br\/index.php?rest_route=\/wp\/v2\/pages\/900","targetHints":{"allow":["GET"]}}],"collection":[{"href":"https:\/\/indomedix.com.br\/index.php?rest_route=\/wp\/v2\/pages"}],"about":[{"href":"https:\/\/indomedix.com.br\/index.php?rest_route=\/wp\/v2\/types\/page"}],"author":[{"embeddable":true,"href":"https:\/\/indomedix.com.br\/index.php?rest_route=\/wp\/v2\/users\/1"}],"replies":[{"embeddable":true,"href":"https:\/\/indomedix.com.br\/index.php?rest_route=%2Fwp%2Fv2%2Fcomments&post=900"}],"version-history":[{"count":4,"href":"https:\/\/indomedix.com.br\/index.php?rest_route=\/wp\/v2\/pages\/900\/revisions"}],"predecessor-version":[{"id":912,"href":"https:\/\/indomedix.com.br\/index.php?rest_route=\/wp\/v2\/pages\/900\/revisions\/912"}],"wp:attachment":[{"href":"https:\/\/indomedix.com.br\/index.php?rest_route=%2Fwp%2Fv2%2Fmedia&parent=900"}],"curies":[{"name":"wp","href":"https:\/\/api.w.org\/{rel}","templated":true}]}}